{"id":441,"date":"2018-11-26T12:45:27","date_gmt":"2018-11-26T12:45:27","guid":{"rendered":"https:\/\/www.meknx.com\/home\/"},"modified":"2020-09-20T14:00:16","modified_gmt":"2020-09-20T14:00:16","slug":"mek-enix","status":"publish","type":"page","link":"https:\/\/www.meknx.com\/en\/","title":{"rendered":"Mek Enix"},"content":{"rendered":"<div data-elementor-type=\"wp-page\" data-elementor-id=\"441\" class=\"elementor elementor-441\">\n\t\t\t\t\t\t<section class=\"elementor-section elementor-top-section elementor-element elementor-element-5ec671b7 elementor-section-content-middle elementor-section-boxed elementor-section-height-default elementor-section-height-default\" data-id=\"5ec671b7\" data-element_type=\"section\" data-settings=\"{&quot;background_background&quot;:&quot;classic&quot;}\">\n\t\t\t\t\t\t\t<div class=\"elementor-background-overlay\"><\/div>\n\t\t\t\t\t\t\t<div class=\"elementor-container elementor-column-gap-no\">\n\t\t\t\t\t<div class=\"elementor-column elementor-col-100 elementor-top-column elementor-element elementor-element-1ba84b9d\" data-id=\"1ba84b9d\" data-element_type=\"column\">\n\t\t\t<div class=\"elementor-widget-wrap elementor-element-populated\">\n\t\t\t\t\t\t<div class=\"elementor-element elementor-element-660e715a elementor-widget elementor-widget-heading\" data-id=\"660e715a\" data-element_type=\"widget\" data-widget_type=\"heading.default\">\n\t\t\t\t<div class=\"elementor-widget-container\">\n\t\t\t<h5 class=\"elementor-heading-title elementor-size-default\">Industrial Engineering Solutions\n<\/h5>\t\t<\/div>\n\t\t\t\t<\/div>\n\t\t\t\t<div class=\"elementor-element elementor-element-63360b64 elementor-widget elementor-widget-heading\" data-id=\"63360b64\" data-element_type=\"widget\" data-widget_type=\"heading.default\">\n\t\t\t\t<div class=\"elementor-widget-container\">\n\t\t\t<h1 class=\"elementor-heading-title elementor-size-default\">MEK ENIX\n\n ENGINEERING<\/h1>\t\t<\/div>\n\t\t\t\t<\/div>\n\t\t\t\t<div class=\"elementor-element elementor-element-fd55a17 elementor-align-center elementor-widget elementor-widget-button\" data-id=\"fd55a17\" data-element_type=\"widget\" data-widget_type=\"button.default\">\n\t\t\t\t<div class=\"elementor-widget-container\">\n\t\t\t\t\t\t\t<div class=\"elementor-button-wrapper\">\n\t\t\t\t\t<a class=\"elementor-button elementor-button-link elementor-size-sm\" href=\"https:\/\/www.meknx.com\/en\/makinelerimiz\/\">\n\t\t\t\t\t\t<span class=\"elementor-button-content-wrapper\">\n\t\t\t\t\t\t\t\t\t<span class=\"elementor-button-text\">Our Machinery<\/span>\n\t\t\t\t\t<\/span>\n\t\t\t\t\t<\/a>\n\t\t\t\t<\/div>\n\t\t\t\t\t\t<\/div>\n\t\t\t\t<\/div>\n\t\t\t\t<div class=\"elementor-element elementor-element-2876fe13 elementor-view-default elementor-widget elementor-widget-icon\" data-id=\"2876fe13\" data-element_type=\"widget\" data-widget_type=\"icon.default\">\n\t\t\t\t<div class=\"elementor-widget-container\">\n\t\t\t\t\t<div class=\"elementor-icon-wrapper\">\n\t\t\t<div class=\"elementor-icon\">\n\t\t\t<i aria-hidden=\"true\" class=\"fas fa-long-arrow-alt-down\"><\/i>\t\t\t<\/div>\n\t\t<\/div>\n\t\t\t\t<\/div>\n\t\t\t\t<\/div>\n\t\t\t\t\t<\/div>\n\t\t<\/div>\n\t\t\t\t\t<\/div>\n\t\t<\/section>\n\t\t\t\t<section class=\"elementor-section elementor-top-section elementor-element elementor-element-127ca1c elementor-section-boxed elementor-section-height-default elementor-section-height-default\" data-id=\"127ca1c\" data-element_type=\"section\" data-settings=\"{&quot;background_background&quot;:&quot;classic&quot;}\">\n\t\t\t\t\t\t<div class=\"elementor-container elementor-column-gap-default\">\n\t\t\t\t\t<div class=\"elementor-column elementor-col-66 elementor-top-column elementor-element elementor-element-7d002bc\" data-id=\"7d002bc\" data-element_type=\"column\">\n\t\t\t<div class=\"elementor-widget-wrap elementor-element-populated\">\n\t\t\t\t\t\t<div class=\"elementor-element elementor-element-9be7efe elementor-widget elementor-widget-heading\" data-id=\"9be7efe\" data-element_type=\"widget\" data-widget_type=\"heading.default\">\n\t\t\t\t<div class=\"elementor-widget-container\">\n\t\t\t<h3 class=\"elementor-heading-title elementor-size-default\">Want to learn more about us?<\/h3>\t\t<\/div>\n\t\t\t\t<\/div>\n\t\t\t\t\t<\/div>\n\t\t<\/div>\n\t\t\t\t<div class=\"elementor-column elementor-col-33 elementor-top-column elementor-element elementor-element-3b1885b\" data-id=\"3b1885b\" data-element_type=\"column\">\n\t\t\t<div class=\"elementor-widget-wrap elementor-element-populated\">\n\t\t\t\t\t\t<div class=\"elementor-element elementor-element-dac082f elementor-align-center elementor-widget elementor-widget-button\" data-id=\"dac082f\" data-element_type=\"widget\" data-widget_type=\"button.default\">\n\t\t\t\t<div class=\"elementor-widget-container\">\n\t\t\t\t\t\t\t<div class=\"elementor-button-wrapper\">\n\t\t\t\t\t<a class=\"elementor-button elementor-button-link elementor-size-sm\" href=\"https:\/\/www.meknx.com\/en\/hakkimizda\/\">\n\t\t\t\t\t\t<span class=\"elementor-button-content-wrapper\">\n\t\t\t\t\t\t\t\t\t<span class=\"elementor-button-text\">About Us<\/span>\n\t\t\t\t\t<\/span>\n\t\t\t\t\t<\/a>\n\t\t\t\t<\/div>\n\t\t\t\t\t\t<\/div>\n\t\t\t\t<\/div>\n\t\t\t\t\t<\/div>\n\t\t<\/div>\n\t\t\t\t\t<\/div>\n\t\t<\/section>\n\t\t\t\t<section class=\"elementor-section elementor-top-section elementor-element elementor-element-137f881d elementor-section-content-middle elementor-section-boxed elementor-section-height-default elementor-section-height-default\" data-id=\"137f881d\" data-element_type=\"section\" data-settings=\"{&quot;background_background&quot;:&quot;classic&quot;}\">\n\t\t\t\t\t\t\t<div class=\"elementor-background-overlay\"><\/div>\n\t\t\t\t\t\t\t<div class=\"elementor-container elementor-column-gap-no\">\n\t\t\t\t\t<div class=\"elementor-column elementor-col-50 elementor-top-column elementor-element elementor-element-1406fbfa\" data-id=\"1406fbfa\" data-element_type=\"column\">\n\t\t\t<div class=\"elementor-widget-wrap elementor-element-populated\">\n\t\t\t\t\t\t<div class=\"elementor-element elementor-element-7eaa81e elementor-widget elementor-widget-heading\" data-id=\"7eaa81e\" data-element_type=\"widget\" data-widget_type=\"heading.default\">\n\t\t\t\t<div class=\"elementor-widget-container\">\n\t\t\t<h5 class=\"elementor-heading-title elementor-size-default\">Machines<\/h5>\t\t<\/div>\n\t\t\t\t<\/div>\n\t\t\t\t<div class=\"elementor-element elementor-element-aa3fba9 elementor-widget elementor-widget-heading\" data-id=\"aa3fba9\" data-element_type=\"widget\" data-widget_type=\"heading.default\">\n\t\t\t\t<div class=\"elementor-widget-container\">\n\t\t\t<h3 class=\"elementor-heading-title elementor-size-default\">To satisfy your industrial needs we are working tirelessly<\/h3>\t\t<\/div>\n\t\t\t\t<\/div>\n\t\t\t\t<div class=\"elementor-element elementor-element-c5f3c2b elementor-widget-divider--view-line elementor-widget elementor-widget-divider\" data-id=\"c5f3c2b\" data-element_type=\"widget\" data-widget_type=\"divider.default\">\n\t\t\t\t<div class=\"elementor-widget-container\">\n\t\t\t\t\t<div class=\"elementor-divider\">\n\t\t\t<span class=\"elementor-divider-separator\">\n\t\t\t\t\t\t<\/span>\n\t\t<\/div>\n\t\t\t\t<\/div>\n\t\t\t\t<\/div>\n\t\t\t\t<div class=\"elementor-element elementor-element-6250654 elementor-widget elementor-widget-heading\" data-id=\"6250654\" data-element_type=\"widget\" data-widget_type=\"heading.default\">\n\t\t\t\t<div class=\"elementor-widget-container\">\n\t\t\t<h4 class=\"elementor-heading-title elementor-size-default\">Elevators<\/h4>\t\t<\/div>\n\t\t\t\t<\/div>\n\t\t\t\t<div class=\"elementor-element elementor-element-e6e866e elementor-widget elementor-widget-text-editor\" data-id=\"e6e866e\" data-element_type=\"widget\" data-widget_type=\"text-editor.default\">\n\t\t\t\t<div class=\"elementor-widget-container\">\n\t\t\t\t\t\t\t<p>Sitemizin Bu B\u00f6l\u00fcm\u00fc Yap\u0131m A\u015famas\u0131ndad\u0131r. Anlay\u0131\u015f\u0131n\u0131z \u0130\u00e7in Te\u015fekk\u00fcr Ederiz.<\/p>\t\t\t\t\t\t<\/div>\n\t\t\t\t<\/div>\n\t\t\t\t<div class=\"elementor-element elementor-element-b518706 elementor-widget-divider--view-line elementor-widget elementor-widget-divider\" data-id=\"b518706\" data-element_type=\"widget\" data-widget_type=\"divider.default\">\n\t\t\t\t<div class=\"elementor-widget-container\">\n\t\t\t\t\t<div class=\"elementor-divider\">\n\t\t\t<span class=\"elementor-divider-separator\">\n\t\t\t\t\t\t<\/span>\n\t\t<\/div>\n\t\t\t\t<\/div>\n\t\t\t\t<\/div>\n\t\t\t\t<div class=\"elementor-element elementor-element-5487e73 elementor-widget elementor-widget-heading\" data-id=\"5487e73\" data-element_type=\"widget\" data-widget_type=\"heading.default\">\n\t\t\t\t<div class=\"elementor-widget-container\">\n\t\t\t<h4 class=\"elementor-heading-title elementor-size-default\">Motors\n<\/h4>\t\t<\/div>\n\t\t\t\t<\/div>\n\t\t\t\t<div class=\"elementor-element elementor-element-679c8ca elementor-widget elementor-widget-text-editor\" data-id=\"679c8ca\" data-element_type=\"widget\" data-widget_type=\"text-editor.default\">\n\t\t\t\t<div class=\"elementor-widget-container\">\n\t\t\t\t\t\t\t<p>Sitemizin Bu B\u00f6l\u00fcm\u00fc Yap\u0131m A\u015famas\u0131ndad\u0131r. Anlay\u0131\u015f\u0131n\u0131z \u0130\u00e7in Te\u015fekk\u00fcr Ederiz.<\/p>\t\t\t\t\t\t<\/div>\n\t\t\t\t<\/div>\n\t\t\t\t<div class=\"elementor-element elementor-element-43f4c0c elementor-widget-divider--view-line elementor-widget elementor-widget-divider\" data-id=\"43f4c0c\" data-element_type=\"widget\" data-widget_type=\"divider.default\">\n\t\t\t\t<div class=\"elementor-widget-container\">\n\t\t\t\t\t<div class=\"elementor-divider\">\n\t\t\t<span class=\"elementor-divider-separator\">\n\t\t\t\t\t\t<\/span>\n\t\t<\/div>\n\t\t\t\t<\/div>\n\t\t\t\t<\/div>\n\t\t\t\t<div class=\"elementor-element elementor-element-29ebb26 elementor-widget elementor-widget-heading\" data-id=\"29ebb26\" data-element_type=\"widget\" data-widget_type=\"heading.default\">\n\t\t\t\t<div class=\"elementor-widget-container\">\n\t\t\t<h4 class=\"elementor-heading-title elementor-size-default\">inductive \/ capacitive sensor\n\n<\/h4>\t\t<\/div>\n\t\t\t\t<\/div>\n\t\t\t\t<div class=\"elementor-element elementor-element-91c06c0 elementor-widget elementor-widget-text-editor\" data-id=\"91c06c0\" data-element_type=\"widget\" data-widget_type=\"text-editor.default\">\n\t\t\t\t<div class=\"elementor-widget-container\">\n\t\t\t\t\t\t\t<p>Sitemizin Bu B\u00f6l\u00fcm\u00fc Yap\u0131m A\u015famas\u0131ndad\u0131r. Anlay\u0131\u015f\u0131n\u0131z \u0130\u00e7in Te\u015fekk\u00fcr Ederiz.<\/p>\t\t\t\t\t\t<\/div>\n\t\t\t\t<\/div>\n\t\t\t\t\t<\/div>\n\t\t<\/div>\n\t\t\t\t<div class=\"elementor-column elementor-col-50 elementor-top-column elementor-element elementor-element-34855c2\" data-id=\"34855c2\" data-element_type=\"column\">\n\t\t\t<div class=\"elementor-widget-wrap elementor-element-populated\">\n\t\t\t\t\t\t<div class=\"elementor-element elementor-element-117e42d elementor-widget elementor-widget-heading\" data-id=\"117e42d\" data-element_type=\"widget\" data-widget_type=\"heading.default\">\n\t\t\t\t<div class=\"elementor-widget-container\">\n\t\t\t<h2 class=\"elementor-heading-title elementor-size-default\">Contact us for information about our machines<\/h2>\t\t<\/div>\n\t\t\t\t<\/div>\n\t\t\t\t<div class=\"elementor-element elementor-element-e605cdc elementor-align-left elementor-widget elementor-widget-button\" data-id=\"e605cdc\" data-element_type=\"widget\" data-widget_type=\"button.default\">\n\t\t\t\t<div class=\"elementor-widget-container\">\n\t\t\t\t\t\t\t<div class=\"elementor-button-wrapper\">\n\t\t\t\t\t<a class=\"elementor-button elementor-button-link elementor-size-sm\" href=\"https:\/\/www.meknx.com\/en\/makinelerimiz\/\">\n\t\t\t\t\t\t<span class=\"elementor-button-content-wrapper\">\n\t\t\t\t\t\t\t\t\t<span class=\"elementor-button-text\">Machines<\/span>\n\t\t\t\t\t<\/span>\n\t\t\t\t\t<\/a>\n\t\t\t\t<\/div>\n\t\t\t\t\t\t<\/div>\n\t\t\t\t<\/div>\n\t\t\t\t\t<\/div>\n\t\t<\/div>\n\t\t\t\t\t<\/div>\n\t\t<\/section>\n\t\t\t\t<section class=\"elementor-section elementor-top-section elementor-element elementor-element-47089ec0 elementor-section-boxed elementor-section-height-default elementor-section-height-default\" data-id=\"47089ec0\" data-element_type=\"section\" data-settings=\"{&quot;background_background&quot;:&quot;classic&quot;}\">\n\t\t\t\t\t\t<div class=\"elementor-container elementor-column-gap-default\">\n\t\t\t\t\t<div class=\"elementor-column elementor-col-66 elementor-top-column elementor-element elementor-element-7114bdff\" data-id=\"7114bdff\" data-element_type=\"column\">\n\t\t\t<div class=\"elementor-widget-wrap elementor-element-populated\">\n\t\t\t\t\t\t<div class=\"elementor-element elementor-element-79bbe722 elementor-widget elementor-widget-heading\" data-id=\"79bbe722\" data-element_type=\"widget\" data-widget_type=\"heading.default\">\n\t\t\t\t<div class=\"elementor-widget-container\">\n\t\t\t<h3 class=\"elementor-heading-title elementor-size-default\">Contact Us<\/h3>\t\t<\/div>\n\t\t\t\t<\/div>\n\t\t\t\t\t<\/div>\n\t\t<\/div>\n\t\t\t\t<div class=\"elementor-column elementor-col-33 elementor-top-column elementor-element elementor-element-f4e67d3\" data-id=\"f4e67d3\" data-element_type=\"column\">\n\t\t\t<div class=\"elementor-widget-wrap elementor-element-populated\">\n\t\t\t\t\t\t<div class=\"elementor-element elementor-element-2689e0d9 elementor-align-center elementor-widget elementor-widget-button\" data-id=\"2689e0d9\" data-element_type=\"widget\" data-widget_type=\"button.default\">\n\t\t\t\t<div class=\"elementor-widget-container\">\n\t\t\t\t\t\t\t<div class=\"elementor-button-wrapper\">\n\t\t\t\t\t<a class=\"elementor-button elementor-button-link elementor-size-sm\" href=\"https:\/\/www.meknx.com\/en\/bize-ulasin\/\">\n\t\t\t\t\t\t<span class=\"elementor-button-content-wrapper\">\n\t\t\t\t\t\t\t\t\t<span class=\"elementor-button-text\">Contact<\/span>\n\t\t\t\t\t<\/span>\n\t\t\t\t\t<\/a>\n\t\t\t\t<\/div>\n\t\t\t\t\t\t<\/div>\n\t\t\t\t<\/div>\n\t\t\t\t\t<\/div>\n\t\t<\/div>\n\t\t\t\t\t<\/div>\n\t\t<\/section>\n\t\t\t\t<\/div>","protected":false},"excerpt":{"rendered":"<p>End\u00fcstriyel M\u00fchendislik \u00c7\u00f6z\u00fcmleri MEK ENIX M\u00dcHEND\u0130SL\u0130K MAK\u0130NE SAN. VE T\u0130C. LTD.\u015eT\u0130. Makinelerimize G\u00f6z At\u0131n Hakk\u0131m\u0131zda Bilgi Edinmek \u0130ster misiniz? Hakk\u0131m\u0131zda Makinelerimiz Sekt\u00f6r \u0130htiya\u00e7lar\u0131n\u0131 Kar\u015f\u0131lamak \u0130\u00e7in Dinlenmeden \u00c7al\u0131\u015fmaya Devam Etmekteyiz Elevat\u00f6rler Sitemizin Bu B\u00f6l\u00fcm\u00fc Yap\u0131m A\u015famas\u0131ndad\u0131r. Anlay\u0131\u015f\u0131n\u0131z \u0130\u00e7in Te\u015fekk\u00fcr Ederiz. Motorlar Sitemizin Bu B\u00f6l\u00fcm\u00fc Yap\u0131m A\u015famas\u0131ndad\u0131r. Anlay\u0131\u015f\u0131n\u0131z \u0130\u00e7in Te\u015fekk\u00fcr Ederiz. End\u00fcktif \/ Kapasitif Sens\u00f6rler Sitemizin Bu [&hellip;]<\/p>","protected":false},"author":1,"featured_media":0,"parent":0,"menu_order":0,"comment_status":"closed","ping_status":"closed","template":"","meta":{"site-sidebar-layout":"no-sidebar","site-content-layout":"page-builder","ast-site-content-layout":"","site-content-style":"default","site-sidebar-style":"default","ast-global-header-display":"","ast-banner-title-visibility":"","ast-main-header-display":"","ast-hfb-above-header-display":"","ast-hfb-below-header-display":"","ast-hfb-mobile-header-display":"","site-post-title":"disabled","ast-breadcrumbs-content":"","ast-featured-img":"disabled","footer-sml-layout":"","theme-transparent-header-meta":"enabled","adv-header-id-meta":"","stick-header-meta":"","header-above-stick-meta":"","header-main-stick-meta":"","header-below-stick-meta":"","astra-migrate-meta-layouts":"default","ast-page-background-enabled":"default","ast-page-background-meta":{"desktop":{"background-color":"","background-image":"","background-repeat":"repeat","background-position":"center center","background-size":"auto","background-attachment":"scroll","background-type":"","background-media":"","overlay-type":"","overlay-color":"","overlay-opacity":"","overlay-gradient":""},"tablet":{"background-color":"","background-image":"","background-repeat":"repeat","background-position":"center center","background-size":"auto","background-attachment":"scroll","background-type":"","background-media":"","overlay-type":"","overlay-color":"","overlay-opacity":"","overlay-gradient":""},"mobile":{"background-color":"","background-image":"","background-repeat":"repeat","background-position":"center center","background-size":"auto","background-attachment":"scroll","background-type":"","background-media":"","overlay-type":"","overlay-color":"","overlay-opacity":"","overlay-gradient":""}},"ast-content-background-meta":{"desktop":{"background-color":"var(--ast-global-color-5)","background-image":"","background-repeat":"repeat","background-position":"center center","background-size":"auto","background-attachment":"scroll","background-type":"","background-media":"","overlay-type":"","overlay-color":"","overlay-opacity":"","overlay-gradient":""},"tablet":{"background-color":"var(--ast-global-color-5)","background-image":"","background-repeat":"repeat","background-position":"center center","background-size":"auto","background-attachment":"scroll","background-type":"","background-media":"","overlay-type":"","overlay-color":"","overlay-opacity":"","overlay-gradient":""},"mobile":{"background-color":"var(--ast-global-color-5)","background-image":"","background-repeat":"repeat","background-position":"center center","background-size":"auto","background-attachment":"scroll","background-type":"","background-media":"","overlay-type":"","overlay-color":"","overlay-opacity":"","overlay-gradient":""}},"footnotes":""},"yoast_head":"<!-- This site is optimized with the Yoast SEO plugin v23.9 - https:\/\/yoast.com\/wordpress\/plugins\/seo\/ -->\n<title>Mek Enix - MEK ENIX<\/title>\n<meta name=\"robots\" content=\"index, follow, max-snippet:-1, max-image-preview:large, max-video-preview:-1\" \/>\n<link rel=\"canonical\" href=\"https:\/\/www.meknx.com\/en\/\" \/>\n<meta property=\"og:locale\" content=\"en_US\" \/>\n<meta property=\"og:type\" content=\"article\" \/>\n<meta property=\"og:title\" content=\"Mek Enix - MEK ENIX\" \/>\n<meta property=\"og:description\" content=\"End\u00fcstriyel M\u00fchendislik \u00c7\u00f6z\u00fcmleri MEK ENIX M\u00dcHEND\u0130SL\u0130K MAK\u0130NE SAN. VE T\u0130C. LTD.\u015eT\u0130. Makinelerimize G\u00f6z At\u0131n Hakk\u0131m\u0131zda Bilgi Edinmek \u0130ster misiniz? Hakk\u0131m\u0131zda Makinelerimiz Sekt\u00f6r \u0130htiya\u00e7lar\u0131n\u0131 Kar\u015f\u0131lamak \u0130\u00e7in Dinlenmeden \u00c7al\u0131\u015fmaya Devam Etmekteyiz Elevat\u00f6rler Sitemizin Bu B\u00f6l\u00fcm\u00fc Yap\u0131m A\u015famas\u0131ndad\u0131r. Anlay\u0131\u015f\u0131n\u0131z \u0130\u00e7in Te\u015fekk\u00fcr Ederiz. Motorlar Sitemizin Bu B\u00f6l\u00fcm\u00fc Yap\u0131m A\u015famas\u0131ndad\u0131r. Anlay\u0131\u015f\u0131n\u0131z \u0130\u00e7in Te\u015fekk\u00fcr Ederiz. End\u00fcktif \/ Kapasitif Sens\u00f6rler Sitemizin Bu [&hellip;]\" \/>\n<meta property=\"og:url\" content=\"https:\/\/www.meknx.com\/en\/\" \/>\n<meta property=\"og:site_name\" content=\"MEK ENIX\" \/>\n<meta property=\"article:modified_time\" content=\"2020-09-20T14:00:16+00:00\" \/>\n<meta name=\"twitter:card\" content=\"summary_large_image\" \/>\n<meta name=\"twitter:label1\" content=\"Est. reading time\" \/>\n\t<meta name=\"twitter:data1\" content=\"1 minute\" \/>\n<script type=\"application\/ld+json\" class=\"yoast-schema-graph\">{\"@context\":\"https:\/\/schema.org\",\"@graph\":[{\"@type\":\"WebPage\",\"@id\":\"https:\/\/www.meknx.com\/\",\"url\":\"https:\/\/www.meknx.com\/\",\"name\":\"Mek Enix - MEK ENIX\",\"isPartOf\":{\"@id\":\"https:\/\/www.meknx.com\/#website\"},\"datePublished\":\"2018-11-26T12:45:27+00:00\",\"dateModified\":\"2020-09-20T14:00:16+00:00\",\"breadcrumb\":{\"@id\":\"https:\/\/www.meknx.com\/#breadcrumb\"},\"inLanguage\":\"en-US\",\"potentialAction\":[{\"@type\":\"ReadAction\",\"target\":[\"https:\/\/www.meknx.com\/\"]}]},{\"@type\":\"BreadcrumbList\",\"@id\":\"https:\/\/www.meknx.com\/#breadcrumb\",\"itemListElement\":[{\"@type\":\"ListItem\",\"position\":1,\"name\":\"Home\",\"item\":\"https:\/\/www.meknx.com\/\"},{\"@type\":\"ListItem\",\"position\":2,\"name\":\"Mek Enix\"}]},{\"@type\":\"WebSite\",\"@id\":\"https:\/\/www.meknx.com\/#website\",\"url\":\"https:\/\/www.meknx.com\/\",\"name\":\"MEK ENIX\",\"description\":\"M&uuml;hendislik Makine San. Ve Tic. Ltd. \u015eti.\",\"publisher\":{\"@id\":\"https:\/\/www.meknx.com\/#organization\"},\"potentialAction\":[{\"@type\":\"SearchAction\",\"target\":{\"@type\":\"EntryPoint\",\"urlTemplate\":\"https:\/\/www.meknx.com\/?s={search_term_string}\"},\"query-input\":{\"@type\":\"PropertyValueSpecification\",\"valueRequired\":true,\"valueName\":\"search_term_string\"}}],\"inLanguage\":\"en-US\"},{\"@type\":\"Organization\",\"@id\":\"https:\/\/www.meknx.com\/#organization\",\"name\":\"MEK ENIX\",\"url\":\"https:\/\/www.meknx.com\/\",\"logo\":{\"@type\":\"ImageObject\",\"inLanguage\":\"en-US\",\"@id\":\"https:\/\/www.meknx.com\/#\/schema\/logo\/image\/\",\"url\":\"https:\/\/www.meknx.com\/wp-content\/uploads\/2020\/09\/cropped-imgonline-com-ua-resize-FPgV5c0fKfW3Ap.png\",\"contentUrl\":\"https:\/\/www.meknx.com\/wp-content\/uploads\/2020\/09\/cropped-imgonline-com-ua-resize-FPgV5c0fKfW3Ap.png\",\"width\":2222,\"height\":920,\"caption\":\"MEK ENIX\"},\"image\":{\"@id\":\"https:\/\/www.meknx.com\/#\/schema\/logo\/image\/\"}}]}<\/script>\n<!-- \/ Yoast SEO plugin. -->","yoast_head_json":{"title":"Mek Enix - MEK ENIX","robots":{"index":"index","follow":"follow","max-snippet":"max-snippet:-1","max-image-preview":"max-image-preview:large","max-video-preview":"max-video-preview:-1"},"canonical":"https:\/\/www.meknx.com\/en\/","og_locale":"en_US","og_type":"article","og_title":"Mek Enix - MEK ENIX","og_description":"End\u00fcstriyel M\u00fchendislik \u00c7\u00f6z\u00fcmleri MEK ENIX M\u00dcHEND\u0130SL\u0130K MAK\u0130NE SAN. VE T\u0130C. LTD.\u015eT\u0130. Makinelerimize G\u00f6z At\u0131n Hakk\u0131m\u0131zda Bilgi Edinmek \u0130ster misiniz? Hakk\u0131m\u0131zda Makinelerimiz Sekt\u00f6r \u0130htiya\u00e7lar\u0131n\u0131 Kar\u015f\u0131lamak \u0130\u00e7in Dinlenmeden \u00c7al\u0131\u015fmaya Devam Etmekteyiz Elevat\u00f6rler Sitemizin Bu B\u00f6l\u00fcm\u00fc Yap\u0131m A\u015famas\u0131ndad\u0131r. Anlay\u0131\u015f\u0131n\u0131z \u0130\u00e7in Te\u015fekk\u00fcr Ederiz. Motorlar Sitemizin Bu B\u00f6l\u00fcm\u00fc Yap\u0131m A\u015famas\u0131ndad\u0131r. Anlay\u0131\u015f\u0131n\u0131z \u0130\u00e7in Te\u015fekk\u00fcr Ederiz. End\u00fcktif \/ Kapasitif Sens\u00f6rler Sitemizin Bu [&hellip;]","og_url":"https:\/\/www.meknx.com\/en\/","og_site_name":"MEK ENIX","article_modified_time":"2020-09-20T14:00:16+00:00","twitter_card":"summary_large_image","twitter_misc":{"Est. reading time":"1 minute"},"schema":{"@context":"https:\/\/schema.org","@graph":[{"@type":"WebPage","@id":"https:\/\/www.meknx.com\/","url":"https:\/\/www.meknx.com\/","name":"Mek Enix - MEK ENIX","isPartOf":{"@id":"https:\/\/www.meknx.com\/#website"},"datePublished":"2018-11-26T12:45:27+00:00","dateModified":"2020-09-20T14:00:16+00:00","breadcrumb":{"@id":"https:\/\/www.meknx.com\/#breadcrumb"},"inLanguage":"en-US","potentialAction":[{"@type":"ReadAction","target":["https:\/\/www.meknx.com\/"]}]},{"@type":"BreadcrumbList","@id":"https:\/\/www.meknx.com\/#breadcrumb","itemListElement":[{"@type":"ListItem","position":1,"name":"Home","item":"https:\/\/www.meknx.com\/"},{"@type":"ListItem","position":2,"name":"Mek Enix"}]},{"@type":"WebSite","@id":"https:\/\/www.meknx.com\/#website","url":"https:\/\/www.meknx.com\/","name":"MEK ENIX","description":"M&uuml;hendislik Makine San. Ve Tic. Ltd. \u015eti.","publisher":{"@id":"https:\/\/www.meknx.com\/#organization"},"potentialAction":[{"@type":"SearchAction","target":{"@type":"EntryPoint","urlTemplate":"https:\/\/www.meknx.com\/?s={search_term_string}"},"query-input":{"@type":"PropertyValueSpecification","valueRequired":true,"valueName":"search_term_string"}}],"inLanguage":"en-US"},{"@type":"Organization","@id":"https:\/\/www.meknx.com\/#organization","name":"MEK ENIX","url":"https:\/\/www.meknx.com\/","logo":{"@type":"ImageObject","inLanguage":"en-US","@id":"https:\/\/www.meknx.com\/#\/schema\/logo\/image\/","url":"https:\/\/www.meknx.com\/wp-content\/uploads\/2020\/09\/cropped-imgonline-com-ua-resize-FPgV5c0fKfW3Ap.png","contentUrl":"https:\/\/www.meknx.com\/wp-content\/uploads\/2020\/09\/cropped-imgonline-com-ua-resize-FPgV5c0fKfW3Ap.png","width":2222,"height":920,"caption":"MEK ENIX"},"image":{"@id":"https:\/\/www.meknx.com\/#\/schema\/logo\/image\/"}}]}},"_links":{"self":[{"href":"https:\/\/www.meknx.com\/en\/wp-json\/wp\/v2\/pages\/441"}],"collection":[{"href":"https:\/\/www.meknx.com\/en\/wp-json\/wp\/v2\/pages"}],"about":[{"href":"https:\/\/www.meknx.com\/en\/wp-json\/wp\/v2\/types\/page"}],"author":[{"embeddable":true,"href":"https:\/\/www.meknx.com\/en\/wp-json\/wp\/v2\/users\/1"}],"replies":[{"embeddable":true,"href":"https:\/\/www.meknx.com\/en\/wp-json\/wp\/v2\/comments?post=441"}],"version-history":[{"count":20,"href":"https:\/\/www.meknx.com\/en\/wp-json\/wp\/v2\/pages\/441\/revisions"}],"predecessor-version":[{"id":872,"href":"https:\/\/www.meknx.com\/en\/wp-json\/wp\/v2\/pages\/441\/revisions\/872"}],"wp:attachment":[{"href":"https:\/\/www.meknx.com\/en\/wp-json\/wp\/v2\/media?parent=441"}],"curies":[{"name":"wp","href":"https:\/\/api.w.org\/{rel}","templated":true}]}}