{"id":445,"date":"2018-11-26T12:47:06","date_gmt":"2018-11-26T12:47:06","guid":{"rendered":"https:\/\/www.meknx.com\/contact\/"},"modified":"2020-12-06T07:58:34","modified_gmt":"2020-12-06T07:58:34","slug":"bize-ulasin","status":"publish","type":"page","link":"https:\/\/www.meknx.com\/en\/bize-ulasin\/","title":{"rendered":"Contact"},"content":{"rendered":"<div data-elementor-type=\"wp-post\" data-elementor-id=\"445\" class=\"elementor elementor-445\">\n\t\t\t\t\t\t<section class=\"elementor-section elementor-top-section elementor-element elementor-element-4b338299 elementor-section-content-middle elementor-section-boxed elementor-section-height-default elementor-section-height-default\" data-id=\"4b338299\" data-element_type=\"section\" data-settings=\"{&quot;background_background&quot;:&quot;classic&quot;}\">\n\t\t\t\t\t\t\t<div class=\"elementor-background-overlay\"><\/div>\n\t\t\t\t\t\t\t<div class=\"elementor-container elementor-column-gap-no\">\n\t\t\t\t\t<div class=\"elementor-column elementor-col-100 elementor-top-column elementor-element elementor-element-e88262f\" data-id=\"e88262f\" data-element_type=\"column\">\n\t\t\t<div class=\"elementor-widget-wrap elementor-element-populated\">\n\t\t\t\t\t\t<div class=\"elementor-element elementor-element-6ea88e8 elementor-widget elementor-widget-heading\" data-id=\"6ea88e8\" data-element_type=\"widget\" data-widget_type=\"heading.default\">\n\t\t\t\t<div class=\"elementor-widget-container\">\n\t\t\t<h1 class=\"elementor-heading-title elementor-size-default\">B\u0130ZE ULA\u015eIN<\/h1>\t\t<\/div>\n\t\t\t\t<\/div>\n\t\t\t\t\t<\/div>\n\t\t<\/div>\n\t\t\t\t\t<\/div>\n\t\t<\/section>\n\t\t\t\t<section class=\"elementor-section elementor-top-section elementor-element elementor-element-4e46c794 elementor-section-content-top elementor-section-boxed elementor-section-height-default elementor-section-height-default\" data-id=\"4e46c794\" data-element_type=\"section\">\n\t\t\t\t\t\t<div class=\"elementor-container elementor-column-gap-no\">\n\t\t\t\t\t<div class=\"elementor-column elementor-col-50 elementor-top-column elementor-element elementor-element-34161499\" data-id=\"34161499\" data-element_type=\"column\">\n\t\t\t<div class=\"elementor-widget-wrap elementor-element-populated\">\n\t\t\t\t\t\t<div class=\"elementor-element elementor-element-5dd6df15 elementor-widget elementor-widget-heading\" data-id=\"5dd6df15\" data-element_type=\"widget\" data-widget_type=\"heading.default\">\n\t\t\t\t<div class=\"elementor-widget-container\">\n\t\t\t<h2 class=\"elementor-heading-title elementor-size-default\">Contact<\/h2>\t\t<\/div>\n\t\t\t\t<\/div>\n\t\t\t\t<div class=\"elementor-element elementor-element-2cc856f5 elementor-widget elementor-widget-text-editor\" data-id=\"2cc856f5\" data-element_type=\"widget\" data-widget_type=\"text-editor.default\">\n\t\t\t\t<div class=\"elementor-widget-container\">\n\t\t\t\t\t\t\t<p>You can reach us between<br \/>09:00-18:30 (UTC+3) on weekdays,<br \/>09:00-1400 (UTC+3) on weekends.<\/p>\t\t\t\t\t\t<\/div>\n\t\t\t\t<\/div>\n\t\t\t\t<div class=\"elementor-element elementor-element-7f9c823b elementor-align-left elementor-icon-list--layout-traditional elementor-list-item-link-full_width elementor-widget elementor-widget-icon-list\" data-id=\"7f9c823b\" data-element_type=\"widget\" data-widget_type=\"icon-list.default\">\n\t\t\t\t<div class=\"elementor-widget-container\">\n\t\t\t\t\t<ul class=\"elementor-icon-list-items\">\n\t\t\t\t\t\t\t<li class=\"elementor-icon-list-item\">\n\t\t\t\t\t\t\t\t\t\t\t<a href=\"https:\/\/www.google.com\/maps\/place\/Latife+Han\u0131m+Mh,+7682.+Sk.+No:15,+35575+Kar\u015f\u0131yaka%2F\u0130zmir\/@38.4981079,27.1229365,19.25z\/data=!4m5!3m4!1s0x14bbd7097a01ee81:0x47a97fe8e645202a!8m2!3d38.498378!4d27.123162\">\n\n\t\t\t\t\t\t\t\t\t\t\t\t<span class=\"elementor-icon-list-icon\">\n\t\t\t\t\t\t\t<i aria-hidden=\"true\" class=\"fas fa-map-marker-alt\"><\/i>\t\t\t\t\t\t<\/span>\n\t\t\t\t\t\t\t\t\t\t<span class=\"elementor-icon-list-text\">Latife Han\u0131m Mah. 7681 SK. Kar\u015f\u0131yaka Sanayi Sitesi NO: 15 KAR\u015eIYAKA\/\u0130ZM\u0130R<\/span>\n\t\t\t\t\t\t\t\t\t\t\t<\/a>\n\t\t\t\t\t\t\t\t\t<\/li>\n\t\t\t\t\t\t\t\t<li class=\"elementor-icon-list-item\">\n\t\t\t\t\t\t\t\t\t\t\t<a href=\"mailto:info@meknx.com\">\n\n\t\t\t\t\t\t\t\t\t\t\t\t<span class=\"elementor-icon-list-icon\">\n\t\t\t\t\t\t\t<i aria-hidden=\"true\" class=\"far fa-envelope\"><\/i>\t\t\t\t\t\t<\/span>\n\t\t\t\t\t\t\t\t\t\t<span class=\"elementor-icon-list-text\">info@meknx.com<\/span>\n\t\t\t\t\t\t\t\t\t\t\t<\/a>\n\t\t\t\t\t\t\t\t\t<\/li>\n\t\t\t\t\t\t\t\t<li class=\"elementor-icon-list-item\">\n\t\t\t\t\t\t\t\t\t\t\t<a href=\"tel: 908502201586\">\n\n\t\t\t\t\t\t\t\t\t\t\t\t<span class=\"elementor-icon-list-icon\">\n\t\t\t\t\t\t\t<i aria-hidden=\"true\" class=\"fas fa-phone\"><\/i>\t\t\t\t\t\t<\/span>\n\t\t\t\t\t\t\t\t\t\t<span class=\"elementor-icon-list-text\">+90 850-220-15-86<\/span>\n\t\t\t\t\t\t\t\t\t\t\t<\/a>\n\t\t\t\t\t\t\t\t\t<\/li>\n\t\t\t\t\t\t\t\t<li class=\"elementor-icon-list-item\">\n\t\t\t\t\t\t\t\t\t\t\t<a href=\"tel: 905456101170\">\n\n\t\t\t\t\t\t\t\t\t\t\t\t<span class=\"elementor-icon-list-icon\">\n\t\t\t\t\t\t\t<i aria-hidden=\"true\" class=\"fas fa-mobile-alt\"><\/i>\t\t\t\t\t\t<\/span>\n\t\t\t\t\t\t\t\t\t\t<span class=\"elementor-icon-list-text\">+90 545-610-11-70<\/span>\n\t\t\t\t\t\t\t\t\t\t\t<\/a>\n\t\t\t\t\t\t\t\t\t<\/li>\n\t\t\t\t\t\t<\/ul>\n\t\t\t\t<\/div>\n\t\t\t\t<\/div>\n\t\t\t\t\t<\/div>\n\t\t<\/div>\n\t\t\t\t<div class=\"elementor-column elementor-col-50 elementor-top-column elementor-element elementor-element-1eae0df4\" data-id=\"1eae0df4\" data-element_type=\"column\">\n\t\t\t<div class=\"elementor-widget-wrap elementor-element-populated\">\n\t\t\t\t\t\t<div class=\"elementor-element elementor-element-793b3dbf elementor-widget elementor-widget-shortcode\" data-id=\"793b3dbf\" data-element_type=\"widget\" data-widget_type=\"shortcode.default\">\n\t\t\t\t<div class=\"elementor-widget-container\">\n\t\t\t\t\t<div class=\"elementor-shortcode\"><div class=\"wpforms-container\" id=\"wpforms-37\"><form id=\"wpforms-form-37\" class=\"wpforms-validate wpforms-form\" data-formid=\"37\" method=\"post\" enctype=\"multipart\/form-data\" action=\"\/wp-json\/wp\/v2\/pages\/445\" data-token=\"b2e9cad77e352c45a7723dd04a8f6d86\" data-token-time=\"1776489585\" data-trp-original-action=\"\/en\/wp-json\/wp\/v2\/pages\/445\"><noscript class=\"wpforms-error-noscript\">Please enable JavaScript in your browser to complete this form.<\/noscript><div class=\"wpforms-field-container\"><div id=\"wpforms-37-field_0-container\" class=\"wpforms-field wpforms-field-name\" data-field-id=\"0\"><label class=\"wpforms-field-label\" for=\"wpforms-37-field_0\">Your Name <span class=\"wpforms-required-label\">*<\/span><\/label><input type=\"text\" id=\"wpforms-37-field_0\" class=\"wpforms-field-large wpforms-field-required\" name=\"wpforms[fields][0]\" required><\/div><div id=\"wpforms-37-field_1-container\" class=\"wpforms-field wpforms-field-email\" data-field-id=\"1\"><label class=\"wpforms-field-label\" for=\"wpforms-37-field_1\">E-mail <span class=\"wpforms-required-label\">*<\/span><\/label><input type=\"email\" id=\"wpforms-37-field_1\" class=\"wpforms-field-large wpforms-field-required\" name=\"wpforms[fields][1]\" spellcheck=\"false\" required><\/div><div id=\"wpforms-37-field_4-container\" class=\"wpforms-field wpforms-field-text\" data-field-id=\"4\"><label class=\"wpforms-field-label\" for=\"wpforms-37-field_4\">Subject <span class=\"wpforms-required-label\">*<\/span><\/label><input type=\"text\" id=\"wpforms-37-field_4\" class=\"wpforms-field-large wpforms-field-required\" name=\"wpforms[fields][4]\" required><\/div><div id=\"wpforms-37-field_2-container\" class=\"wpforms-field wpforms-field-textarea\" data-field-id=\"2\"><label class=\"wpforms-field-label\" for=\"wpforms-37-field_2\">Your message <span class=\"wpforms-required-label\">*<\/span><\/label><textarea id=\"wpforms-37-field_2\" class=\"wpforms-field-large wpforms-field-required\" name=\"wpforms[fields][2]\" required><\/textarea><\/div><\/div><!-- .wpforms-field-container --><div class=\"wpforms-field wpforms-field-hp\"><label for=\"wpforms-37-field-hp\" class=\"wpforms-field-label\">Comment<\/label><input type=\"text\" name=\"wpforms[hp]\" id=\"wpforms-37-field-hp\" class=\"wpforms-field-medium\"><\/div><div class=\"wpforms-submit-container\" ><input type=\"hidden\" name=\"wpforms[id]\" value=\"37\"><input type=\"hidden\" name=\"page_title\" value=\"\"><input type=\"hidden\" name=\"page_url\" value=\"https:\/\/www.meknx.com\/en\/wp-json\/wp\/v2\/pages\/445\"><button type=\"submit\" name=\"wpforms[submit]\" id=\"wpforms-submit-37\" class=\"wpforms-submit\" data-alt-text=\"G\u00f6nderiliyor...\" data-submit-text=\"Mesaj\u0131n\u0131z\u0131 G\u00f6nderin\" aria-live=\"assertive\" value=\"wpforms-submit\">Send your message.<\/button><\/div><input type=\"hidden\" name=\"trp-form-language\" value=\"en\"\/><\/form><\/div>  <!-- .wpforms-container --><\/div>\n\t\t\t\t<\/div>\n\t\t\t\t<\/div>\n\t\t\t\t\t<\/div>\n\t\t<\/div>\n\t\t\t\t\t<\/div>\n\t\t<\/section>\n\t\t\t\t<section class=\"elementor-section elementor-top-section elementor-element elementor-element-639dbce2 elementor-section-full_width elementor-section-height-default elementor-section-height-default\" data-id=\"639dbce2\" data-element_type=\"section\" data-settings=\"{&quot;background_background&quot;:&quot;classic&quot;}\">\n\t\t\t\t\t\t\t<div class=\"elementor-background-overlay\"><\/div>\n\t\t\t\t\t\t\t<div class=\"elementor-container elementor-column-gap-no\">\n\t\t\t\t\t<div class=\"elementor-column elementor-col-100 elementor-top-column elementor-element elementor-element-3c9c788a\" data-id=\"3c9c788a\" data-element_type=\"column\">\n\t\t\t<div class=\"elementor-widget-wrap elementor-element-populated\">\n\t\t\t\t\t\t<div class=\"elementor-element elementor-element-3dc4ef37 elementor-widget elementor-widget-google_maps\" data-id=\"3dc4ef37\" data-element_type=\"widget\" data-widget_type=\"google_maps.default\">\n\t\t\t\t<div class=\"elementor-widget-container\">\n\t\t\t\t\t<div class=\"elementor-custom-embed\">\n\t\t\t<iframe loading=\"lazy\"\n\t\t\t\t\tsrc=\"https:\/\/maps.google.com\/maps?q=Latife%20Han%C4%B1m%20Mah.%207682Sokak%20No%3A15%20Kar%C5%9F%C4%B1yaka%2F%C4%B0zmir&#038;t=m&#038;z=14&#038;output=embed&#038;iwloc=near\"\n\t\t\t\t\ttitle=\"Latife Han\u0131m Mah. 7682Sokak No:15 Kar\u015f\u0131yaka\/\u0130zmir\"\n\t\t\t\t\taria-label=\"Latife Han\u0131m Mah. 7682Sokak No:15 Kar\u015f\u0131yaka\/\u0130zmir\"\n\t\t\t><\/iframe>\n\t\t<\/div>\n\t\t\t\t<\/div>\n\t\t\t\t<\/div>\n\t\t\t\t\t<\/div>\n\t\t<\/div>\n\t\t\t\t\t<\/div>\n\t\t<\/section>\n\t\t\t\t<\/div>","protected":false},"excerpt":{"rendered":"<p>B\u0130ZE ULA\u015eIN Bize Ula\u015f\u0131n Hafta i\u00e7leri Saat 08:00-17:30,Hafta sonlar\u0131 Saat 08:00-13:00,Aras\u0131nda bize ula\u015fabilirsiniz. Latife Han\u0131m Mah. 7681 SK. Kar\u015f\u0131yaka Sanayi Sitesi NO: 15 KAR\u015eIYAKA\/\u0130ZM\u0130R info@meknx.com +90 850-220-15-86 +90 545-610-11-70<\/p>","protected":false},"author":1,"featured_media":0,"parent":0,"menu_order":0,"comment_status":"closed","ping_status":"closed","template":"","meta":{"site-sidebar-layout":"no-sidebar","site-content-layout":"page-builder","ast-site-content-layout":"","site-content-style":"default","site-sidebar-style":"default","ast-global-header-display":"","ast-banner-title-visibility":"","ast-main-header-display":"","ast-hfb-above-header-display":"","ast-hfb-below-header-display":"","ast-hfb-mobile-header-display":"","site-post-title":"disabled","ast-breadcrumbs-content":"","ast-featured-img":"disabled","footer-sml-layout":"","theme-transparent-header-meta":"enabled","adv-header-id-meta":"","stick-header-meta":"","header-above-stick-meta":"","header-main-stick-meta":"","header-below-stick-meta":"","astra-migrate-meta-layouts":"default","ast-page-background-enabled":"default","ast-page-background-meta":{"desktop":{"background-color":"","background-image":"","background-repeat":"repeat","background-position":"center center","background-size":"auto","background-attachment":"scroll","background-type":"","background-media":"","overlay-type":"","overlay-color":"","overlay-opacity":"","overlay-gradient":""},"tablet":{"background-color":"","background-image":"","background-repeat":"repeat","background-position":"center center","background-size":"auto","background-attachment":"scroll","background-type":"","background-media":"","overlay-type":"","overlay-color":"","overlay-opacity":"","overlay-gradient":""},"mobile":{"background-color":"","background-image":"","background-repeat":"repeat","background-position":"center center","background-size":"auto","background-attachment":"scroll","background-type":"","background-media":"","overlay-type":"","overlay-color":"","overlay-opacity":"","overlay-gradient":""}},"ast-content-background-meta":{"desktop":{"background-color":"var(--ast-global-color-5)","background-image":"","background-repeat":"repeat","background-position":"center center","background-size":"auto","background-attachment":"scroll","background-type":"","background-media":"","overlay-type":"","overlay-color":"","overlay-opacity":"","overlay-gradient":""},"tablet":{"background-color":"var(--ast-global-color-5)","background-image":"","background-repeat":"repeat","background-position":"center center","background-size":"auto","background-attachment":"scroll","background-type":"","background-media":"","overlay-type":"","overlay-color":"","overlay-opacity":"","overlay-gradient":""},"mobile":{"background-color":"var(--ast-global-color-5)","background-image":"","background-repeat":"repeat","background-position":"center center","background-size":"auto","background-attachment":"scroll","background-type":"","background-media":"","overlay-type":"","overlay-color":"","overlay-opacity":"","overlay-gradient":""}},"footnotes":""},"yoast_head":"<!-- This site is optimized with the Yoast SEO plugin v23.9 - https:\/\/yoast.com\/wordpress\/plugins\/seo\/ -->\n<title>Bize Ula\u015f\u0131n - MEK ENIX<\/title>\n<meta name=\"robots\" content=\"index, follow, max-snippet:-1, max-image-preview:large, max-video-preview:-1\" \/>\n<link rel=\"canonical\" href=\"https:\/\/www.meknx.com\/en\/bize-ulasin\/\" \/>\n<meta property=\"og:locale\" content=\"en_US\" \/>\n<meta property=\"og:type\" content=\"article\" \/>\n<meta property=\"og:title\" content=\"Bize Ula\u015f\u0131n - MEK ENIX\" \/>\n<meta property=\"og:description\" content=\"B\u0130ZE ULA\u015eIN Bize Ula\u015f\u0131n Hafta i\u00e7leri Saat 08:00-17:30,Hafta sonlar\u0131 Saat 08:00-13:00,Aras\u0131nda bize ula\u015fabilirsiniz. Latife Han\u0131m Mah. 7681 SK. Kar\u015f\u0131yaka Sanayi Sitesi NO: 15 KAR\u015eIYAKA\/\u0130ZM\u0130R info@meknx.com +90 850-220-15-86 +90 545-610-11-70\" \/>\n<meta property=\"og:url\" content=\"https:\/\/www.meknx.com\/en\/bize-ulasin\/\" \/>\n<meta property=\"og:site_name\" content=\"MEK ENIX\" \/>\n<meta property=\"article:modified_time\" content=\"2020-12-06T07:58:34+00:00\" \/>\n<meta name=\"twitter:card\" content=\"summary_large_image\" \/>\n<script type=\"application\/ld+json\" class=\"yoast-schema-graph\">{\"@context\":\"https:\/\/schema.org\",\"@graph\":[{\"@type\":\"WebPage\",\"@id\":\"https:\/\/www.meknx.com\/bize-ulasin\/\",\"url\":\"https:\/\/www.meknx.com\/bize-ulasin\/\",\"name\":\"Bize Ula\u015f\u0131n - MEK ENIX\",\"isPartOf\":{\"@id\":\"https:\/\/www.meknx.com\/#website\"},\"datePublished\":\"2018-11-26T12:47:06+00:00\",\"dateModified\":\"2020-12-06T07:58:34+00:00\",\"breadcrumb\":{\"@id\":\"https:\/\/www.meknx.com\/bize-ulasin\/#breadcrumb\"},\"inLanguage\":\"en-US\",\"potentialAction\":[{\"@type\":\"ReadAction\",\"target\":[\"https:\/\/www.meknx.com\/bize-ulasin\/\"]}]},{\"@type\":\"BreadcrumbList\",\"@id\":\"https:\/\/www.meknx.com\/bize-ulasin\/#breadcrumb\",\"itemListElement\":[{\"@type\":\"ListItem\",\"position\":1,\"name\":\"Home\",\"item\":\"https:\/\/www.meknx.com\/\"},{\"@type\":\"ListItem\",\"position\":2,\"name\":\"Bize Ula\u015f\u0131n\"}]},{\"@type\":\"WebSite\",\"@id\":\"https:\/\/www.meknx.com\/#website\",\"url\":\"https:\/\/www.meknx.com\/\",\"name\":\"MEK ENIX\",\"description\":\"M&uuml;hendislik Makine San. Ve Tic. Ltd. \u015eti.\",\"publisher\":{\"@id\":\"https:\/\/www.meknx.com\/#organization\"},\"potentialAction\":[{\"@type\":\"SearchAction\",\"target\":{\"@type\":\"EntryPoint\",\"urlTemplate\":\"https:\/\/www.meknx.com\/?s={search_term_string}\"},\"query-input\":{\"@type\":\"PropertyValueSpecification\",\"valueRequired\":true,\"valueName\":\"search_term_string\"}}],\"inLanguage\":\"en-US\"},{\"@type\":\"Organization\",\"@id\":\"https:\/\/www.meknx.com\/#organization\",\"name\":\"MEK ENIX\",\"url\":\"https:\/\/www.meknx.com\/\",\"logo\":{\"@type\":\"ImageObject\",\"inLanguage\":\"en-US\",\"@id\":\"https:\/\/www.meknx.com\/#\/schema\/logo\/image\/\",\"url\":\"https:\/\/www.meknx.com\/wp-content\/uploads\/2020\/09\/cropped-imgonline-com-ua-resize-FPgV5c0fKfW3Ap.png\",\"contentUrl\":\"https:\/\/www.meknx.com\/wp-content\/uploads\/2020\/09\/cropped-imgonline-com-ua-resize-FPgV5c0fKfW3Ap.png\",\"width\":2222,\"height\":920,\"caption\":\"MEK ENIX\"},\"image\":{\"@id\":\"https:\/\/www.meknx.com\/#\/schema\/logo\/image\/\"}}]}<\/script>\n<!-- \/ Yoast SEO plugin. -->","yoast_head_json":{"title":"Bize Ula\u015f\u0131n - MEK ENIX","robots":{"index":"index","follow":"follow","max-snippet":"max-snippet:-1","max-image-preview":"max-image-preview:large","max-video-preview":"max-video-preview:-1"},"canonical":"https:\/\/www.meknx.com\/en\/bize-ulasin\/","og_locale":"en_US","og_type":"article","og_title":"Bize Ula\u015f\u0131n - MEK ENIX","og_description":"B\u0130ZE ULA\u015eIN Bize Ula\u015f\u0131n Hafta i\u00e7leri Saat 08:00-17:30,Hafta sonlar\u0131 Saat 08:00-13:00,Aras\u0131nda bize ula\u015fabilirsiniz. Latife Han\u0131m Mah. 7681 SK. Kar\u015f\u0131yaka Sanayi Sitesi NO: 15 KAR\u015eIYAKA\/\u0130ZM\u0130R info@meknx.com +90 850-220-15-86 +90 545-610-11-70","og_url":"https:\/\/www.meknx.com\/en\/bize-ulasin\/","og_site_name":"MEK ENIX","article_modified_time":"2020-12-06T07:58:34+00:00","twitter_card":"summary_large_image","schema":{"@context":"https:\/\/schema.org","@graph":[{"@type":"WebPage","@id":"https:\/\/www.meknx.com\/bize-ulasin\/","url":"https:\/\/www.meknx.com\/bize-ulasin\/","name":"Bize Ula\u015f\u0131n - MEK ENIX","isPartOf":{"@id":"https:\/\/www.meknx.com\/#website"},"datePublished":"2018-11-26T12:47:06+00:00","dateModified":"2020-12-06T07:58:34+00:00","breadcrumb":{"@id":"https:\/\/www.meknx.com\/bize-ulasin\/#breadcrumb"},"inLanguage":"en-US","potentialAction":[{"@type":"ReadAction","target":["https:\/\/www.meknx.com\/bize-ulasin\/"]}]},{"@type":"BreadcrumbList","@id":"https:\/\/www.meknx.com\/bize-ulasin\/#breadcrumb","itemListElement":[{"@type":"ListItem","position":1,"name":"Home","item":"https:\/\/www.meknx.com\/"},{"@type":"ListItem","position":2,"name":"Bize Ula\u015f\u0131n"}]},{"@type":"WebSite","@id":"https:\/\/www.meknx.com\/#website","url":"https:\/\/www.meknx.com\/","name":"MEK ENIX","description":"M&uuml;hendislik Makine San. Ve Tic. Ltd. \u015eti.","publisher":{"@id":"https:\/\/www.meknx.com\/#organization"},"potentialAction":[{"@type":"SearchAction","target":{"@type":"EntryPoint","urlTemplate":"https:\/\/www.meknx.com\/?s={search_term_string}"},"query-input":{"@type":"PropertyValueSpecification","valueRequired":true,"valueName":"search_term_string"}}],"inLanguage":"en-US"},{"@type":"Organization","@id":"https:\/\/www.meknx.com\/#organization","name":"MEK ENIX","url":"https:\/\/www.meknx.com\/","logo":{"@type":"ImageObject","inLanguage":"en-US","@id":"https:\/\/www.meknx.com\/#\/schema\/logo\/image\/","url":"https:\/\/www.meknx.com\/wp-content\/uploads\/2020\/09\/cropped-imgonline-com-ua-resize-FPgV5c0fKfW3Ap.png","contentUrl":"https:\/\/www.meknx.com\/wp-content\/uploads\/2020\/09\/cropped-imgonline-com-ua-resize-FPgV5c0fKfW3Ap.png","width":2222,"height":920,"caption":"MEK ENIX"},"image":{"@id":"https:\/\/www.meknx.com\/#\/schema\/logo\/image\/"}}]}},"_links":{"self":[{"href":"https:\/\/www.meknx.com\/en\/wp-json\/wp\/v2\/pages\/445"}],"collection":[{"href":"https:\/\/www.meknx.com\/en\/wp-json\/wp\/v2\/pages"}],"about":[{"href":"https:\/\/www.meknx.com\/en\/wp-json\/wp\/v2\/types\/page"}],"author":[{"embeddable":true,"href":"https:\/\/www.meknx.com\/en\/wp-json\/wp\/v2\/users\/1"}],"replies":[{"embeddable":true,"href":"https:\/\/www.meknx.com\/en\/wp-json\/wp\/v2\/comments?post=445"}],"version-history":[{"count":63,"href":"https:\/\/www.meknx.com\/en\/wp-json\/wp\/v2\/pages\/445\/revisions"}],"predecessor-version":[{"id":774,"href":"https:\/\/www.meknx.com\/en\/wp-json\/wp\/v2\/pages\/445\/revisions\/774"}],"wp:attachment":[{"href":"https:\/\/www.meknx.com\/en\/wp-json\/wp\/v2\/media?parent=445"}],"curies":[{"name":"wp","href":"https:\/\/api.w.org\/{rel}","templated":true}]}}