{"id":797,"date":"2020-12-11T10:55:21","date_gmt":"2020-12-11T10:55:21","guid":{"rendered":"https:\/\/www.meknx.com\/?page_id=797"},"modified":"2020-12-11T12:38:59","modified_gmt":"2020-12-11T12:38:59","slug":"urunlerimiz","status":"publish","type":"page","link":"https:\/\/www.meknx.com\/en\/urunlerimiz\/","title":{"rendered":"Products"},"content":{"rendered":"<div data-elementor-type=\"wp-page\" data-elementor-id=\"797\" class=\"elementor elementor-797\">\n\t\t\t\t\t\t<section class=\"elementor-section elementor-top-section elementor-element elementor-element-7d0b1fd elementor-section-content-middle elementor-section-boxed elementor-section-height-default elementor-section-height-default\" data-id=\"7d0b1fd\" data-element_type=\"section\" data-settings=\"{&quot;background_background&quot;:&quot;classic&quot;}\">\n\t\t\t\t\t\t\t<div class=\"elementor-background-overlay\"><\/div>\n\t\t\t\t\t\t\t<div class=\"elementor-container elementor-column-gap-no\">\n\t\t\t\t\t<div class=\"elementor-column elementor-col-100 elementor-top-column elementor-element elementor-element-2365ee4d\" data-id=\"2365ee4d\" data-element_type=\"column\">\n\t\t\t<div class=\"elementor-widget-wrap elementor-element-populated\">\n\t\t\t\t\t\t<div class=\"elementor-element elementor-element-3e363d46 elementor-widget elementor-widget-heading\" data-id=\"3e363d46\" data-element_type=\"widget\" data-widget_type=\"heading.default\">\n\t\t\t\t<div class=\"elementor-widget-container\">\n\t\t\t<h1 class=\"elementor-heading-title elementor-size-default\">Products<\/h1>\t\t<\/div>\n\t\t\t\t<\/div>\n\t\t\t\t\t<\/div>\n\t\t<\/div>\n\t\t\t\t\t<\/div>\n\t\t<\/section>\n\t\t\t\t<section class=\"elementor-section elementor-top-section elementor-element elementor-element-695b2b0f elementor-section-content-top elementor-section-boxed elementor-section-height-default elementor-section-height-default\" data-id=\"695b2b0f\" data-element_type=\"section\" data-settings=\"{&quot;background_background&quot;:&quot;classic&quot;}\">\n\t\t\t\t\t\t<div class=\"elementor-container elementor-column-gap-no\">\n\t\t\t\t\t<div class=\"elementor-column elementor-col-50 elementor-top-column elementor-element elementor-element-43d414b9\" data-id=\"43d414b9\" data-element_type=\"column\">\n\t\t\t<div class=\"elementor-widget-wrap elementor-element-populated\">\n\t\t\t\t\t\t<div class=\"elementor-element elementor-element-2999a38a elementor-widget elementor-widget-image\" data-id=\"2999a38a\" data-element_type=\"widget\" data-widget_type=\"image.default\">\n\t\t\t\t<div class=\"elementor-widget-container\">\n\t\t\t\t\t\t\t\t\t\t\t\t\t<img fetchpriority=\"high\" decoding=\"async\" width=\"495\" height=\"361\" src=\"https:\/\/www.meknx.com\/wp-content\/uploads\/2020\/12\/5355623a7832467ca006de07859a67bd.png\" class=\"attachment-full size-full wp-image-808\" alt=\"\" srcset=\"https:\/\/www.meknx.com\/wp-content\/uploads\/2020\/12\/5355623a7832467ca006de07859a67bd.png 495w, https:\/\/www.meknx.com\/wp-content\/uploads\/2020\/12\/5355623a7832467ca006de07859a67bd-300x219.png 300w\" sizes=\"(max-width: 495px) 100vw, 495px\" \/>\t\t\t\t\t\t\t\t\t\t\t\t\t<\/div>\n\t\t\t\t<\/div>\n\t\t\t\t<div class=\"elementor-element elementor-element-65a46ba6 elementor-widget elementor-widget-heading\" data-id=\"65a46ba6\" data-element_type=\"widget\" data-widget_type=\"heading.default\">\n\t\t\t\t<div class=\"elementor-widget-container\">\n\t\t\t<h4 class=\"elementor-heading-title elementor-size-default\">Stainless Steel Chrome Nickel Sheets<\/h4>\t\t<\/div>\n\t\t\t\t<\/div>\n\t\t\t\t\t<\/div>\n\t\t<\/div>\n\t\t\t\t<div class=\"elementor-column elementor-col-50 elementor-top-column elementor-element elementor-element-479f1207\" data-id=\"479f1207\" data-element_type=\"column\">\n\t\t\t<div class=\"elementor-widget-wrap elementor-element-populated\">\n\t\t\t\t\t\t<div class=\"elementor-element elementor-element-1c138690 elementor-widget elementor-widget-image\" data-id=\"1c138690\" data-element_type=\"widget\" data-widget_type=\"image.default\">\n\t\t\t\t<div class=\"elementor-widget-container\">\n\t\t\t\t\t\t\t\t\t\t\t\t\t<img decoding=\"async\" width=\"495\" height=\"361\" src=\"https:\/\/www.meknx.com\/wp-content\/uploads\/2020\/12\/12_3-1.jpg\" class=\"attachment-full size-full wp-image-814\" alt=\"\" srcset=\"https:\/\/www.meknx.com\/wp-content\/uploads\/2020\/12\/12_3-1.jpg 495w, https:\/\/www.meknx.com\/wp-content\/uploads\/2020\/12\/12_3-1-300x219.jpg 300w\" sizes=\"(max-width: 495px) 100vw, 495px\" \/>\t\t\t\t\t\t\t\t\t\t\t\t\t<\/div>\n\t\t\t\t<\/div>\n\t\t\t\t<div class=\"elementor-element elementor-element-659e6e22 elementor-widget elementor-widget-heading\" data-id=\"659e6e22\" data-element_type=\"widget\" data-widget_type=\"heading.default\">\n\t\t\t\t<div class=\"elementor-widget-container\">\n\t\t\t<h4 class=\"elementor-heading-title elementor-size-default\">Stainless Steel Profiles\n\n<\/h4>\t\t<\/div>\n\t\t\t\t<\/div>\n\t\t\t\t\t<\/div>\n\t\t<\/div>\n\t\t\t\t\t<\/div>\n\t\t<\/section>\n\t\t\t\t<section class=\"elementor-section elementor-top-section elementor-element elementor-element-5765c148 elementor-section-content-top elementor-section-boxed elementor-section-height-default elementor-section-height-default\" data-id=\"5765c148\" data-element_type=\"section\" data-settings=\"{&quot;background_background&quot;:&quot;classic&quot;}\">\n\t\t\t\t\t\t<div class=\"elementor-container elementor-column-gap-no\">\n\t\t\t\t\t<div class=\"elementor-column elementor-col-50 elementor-top-column elementor-element elementor-element-52d4d70b\" data-id=\"52d4d70b\" data-element_type=\"column\">\n\t\t\t<div class=\"elementor-widget-wrap elementor-element-populated\">\n\t\t\t\t\t\t<div class=\"elementor-element elementor-element-6a4ef52a elementor-widget elementor-widget-image\" data-id=\"6a4ef52a\" data-element_type=\"widget\" data-widget_type=\"image.default\">\n\t\t\t\t<div class=\"elementor-widget-container\">\n\t\t\t\t\t\t\t\t\t\t\t\t\t<img decoding=\"async\" width=\"495\" height=\"361\" src=\"https:\/\/www.meknx.com\/wp-content\/uploads\/2020\/12\/angle-bars.png\" class=\"attachment-full size-full wp-image-831\" alt=\"\" srcset=\"https:\/\/www.meknx.com\/wp-content\/uploads\/2020\/12\/angle-bars.png 495w, https:\/\/www.meknx.com\/wp-content\/uploads\/2020\/12\/angle-bars-300x219.png 300w\" sizes=\"(max-width: 495px) 100vw, 495px\" \/>\t\t\t\t\t\t\t\t\t\t\t\t\t<\/div>\n\t\t\t\t<\/div>\n\t\t\t\t<div class=\"elementor-element elementor-element-7fb3834f elementor-widget elementor-widget-heading\" data-id=\"7fb3834f\" data-element_type=\"widget\" data-widget_type=\"heading.default\">\n\t\t\t\t<div class=\"elementor-widget-container\">\n\t\t\t<h4 class=\"elementor-heading-title elementor-size-default\">Stainless Steel Angle Bar<\/h4>\t\t<\/div>\n\t\t\t\t<\/div>\n\t\t\t\t\t<\/div>\n\t\t<\/div>\n\t\t\t\t<div class=\"elementor-column elementor-col-50 elementor-top-column elementor-element elementor-element-508673ec\" data-id=\"508673ec\" data-element_type=\"column\">\n\t\t\t<div class=\"elementor-widget-wrap elementor-element-populated\">\n\t\t\t\t\t\t<div class=\"elementor-element elementor-element-5a9c6e27 elementor-widget elementor-widget-image\" data-id=\"5a9c6e27\" data-element_type=\"widget\" data-widget_type=\"image.default\">\n\t\t\t\t<div class=\"elementor-widget-container\">\n\t\t\t\t\t\t\t\t\t\t\t\t\t<img loading=\"lazy\" decoding=\"async\" width=\"495\" height=\"361\" src=\"https:\/\/www.meknx.com\/wp-content\/uploads\/2020\/12\/stainless-steel-pipe-500x500-1.png\" class=\"attachment-full size-full wp-image-842\" alt=\"\" srcset=\"https:\/\/www.meknx.com\/wp-content\/uploads\/2020\/12\/stainless-steel-pipe-500x500-1.png 495w, https:\/\/www.meknx.com\/wp-content\/uploads\/2020\/12\/stainless-steel-pipe-500x500-1-300x219.png 300w\" sizes=\"(max-width: 495px) 100vw, 495px\" \/>\t\t\t\t\t\t\t\t\t\t\t\t\t<\/div>\n\t\t\t\t<\/div>\n\t\t\t\t<div class=\"elementor-element elementor-element-5feb3576 elementor-widget elementor-widget-heading\" data-id=\"5feb3576\" data-element_type=\"widget\" data-widget_type=\"heading.default\">\n\t\t\t\t<div class=\"elementor-widget-container\">\n\t\t\t<h4 class=\"elementor-heading-title elementor-size-default\">Stainless Steel Pipes<\/h4>\t\t<\/div>\n\t\t\t\t<\/div>\n\t\t\t\t\t<\/div>\n\t\t<\/div>\n\t\t\t\t\t<\/div>\n\t\t<\/section>\n\t\t\t\t<section class=\"elementor-section elementor-top-section elementor-element elementor-element-eee7a7d elementor-section-boxed elementor-section-height-default elementor-section-height-default\" data-id=\"eee7a7d\" data-element_type=\"section\" data-settings=\"{&quot;background_background&quot;:&quot;classic&quot;}\">\n\t\t\t\t\t\t<div class=\"elementor-container elementor-column-gap-default\">\n\t\t\t\t\t<div class=\"elementor-column elementor-col-25 elementor-top-column elementor-element elementor-element-2123aac\" data-id=\"2123aac\" data-element_type=\"column\">\n\t\t\t<div class=\"elementor-widget-wrap\">\n\t\t\t\t\t\t\t<\/div>\n\t\t<\/div>\n\t\t\t\t<div class=\"elementor-column elementor-col-25 elementor-top-column elementor-element elementor-element-e07dc45\" data-id=\"e07dc45\" data-element_type=\"column\">\n\t\t\t<div class=\"elementor-widget-wrap elementor-element-populated\">\n\t\t\t\t\t\t<div class=\"elementor-element elementor-element-04df138 elementor-widget elementor-widget-heading\" data-id=\"04df138\" data-element_type=\"widget\" data-widget_type=\"heading.default\">\n\t\t\t\t<div class=\"elementor-widget-container\">\n\t\t\t<h3 class=\"elementor-heading-title elementor-size-default\">Would you be interested in contacting us regarding our products?<\/h3>\t\t<\/div>\n\t\t\t\t<\/div>\n\t\t\t\t\t<\/div>\n\t\t<\/div>\n\t\t\t\t<div class=\"elementor-column elementor-col-25 elementor-top-column elementor-element elementor-element-0ecb95d\" data-id=\"0ecb95d\" data-element_type=\"column\">\n\t\t\t<div class=\"elementor-widget-wrap elementor-element-populated\">\n\t\t\t\t\t\t<div class=\"elementor-element elementor-element-d06509b elementor-align-center elementor-widget elementor-widget-button\" data-id=\"d06509b\" data-element_type=\"widget\" data-widget_type=\"button.default\">\n\t\t\t\t<div class=\"elementor-widget-container\">\n\t\t\t\t\t\t\t<div class=\"elementor-button-wrapper\">\n\t\t\t\t\t<a class=\"elementor-button elementor-button-link elementor-size-sm\" href=\"https:\/\/www.meknx.com\/en\/bize-ulasin\/\">\n\t\t\t\t\t\t<span class=\"elementor-button-content-wrapper\">\n\t\t\t\t\t\t\t\t\t<span class=\"elementor-button-text\">\"Request Product Information\"<\/span>\n\t\t\t\t\t<\/span>\n\t\t\t\t\t<\/a>\n\t\t\t\t<\/div>\n\t\t\t\t\t\t<\/div>\n\t\t\t\t<\/div>\n\t\t\t\t\t<\/div>\n\t\t<\/div>\n\t\t\t\t<div class=\"elementor-column elementor-col-25 elementor-top-column elementor-element elementor-element-f77de85\" data-id=\"f77de85\" data-element_type=\"column\">\n\t\t\t<div class=\"elementor-widget-wrap\">\n\t\t\t\t\t\t\t<\/div>\n\t\t<\/div>\n\t\t\t\t\t<\/div>\n\t\t<\/section>\n\t\t\t\t<\/div>","protected":false},"excerpt":{"rendered":"<p>\u00dcr\u00fcnlerimiz Paslanmaz Krom Nikel Saclar Paslanmaz Profiller Paslanmaz K\u00f6\u015febentler Paslanmaz Borular \u00dcr\u00fcnlerimiz Hakk\u0131nda Bizimle \u0130leti\u015fime Ge\u00e7mek \u0130ster misiniz? \u00dcr\u00fcnler Hakk\u0131nda Bilgi Al<\/p>","protected":false},"author":1,"featured_media":0,"parent":0,"menu_order":0,"comment_status":"closed","ping_status":"closed","template":"","meta":{"site-sidebar-layout":"no-sidebar","site-content-layout":"page-builder","ast-site-content-layout":"","site-content-style":"default","site-sidebar-style":"default","ast-global-header-display":"","ast-banner-title-visibility":"","ast-main-header-display":"","ast-hfb-above-header-display":"","ast-hfb-below-header-display":"","ast-hfb-mobile-header-display":"","site-post-title":"disabled","ast-breadcrumbs-content":"","ast-featured-img":"disabled","footer-sml-layout":"","theme-transparent-header-meta":"enabled","adv-header-id-meta":"","stick-header-meta":"","header-above-stick-meta":"","header-main-stick-meta":"","header-below-stick-meta":"","astra-migrate-meta-layouts":"default","ast-page-background-enabled":"default","ast-page-background-meta":{"desktop":{"background-color":"","background-image":"","background-repeat":"repeat","background-position":"center center","background-size":"auto","background-attachment":"scroll","background-type":"","background-media":"","overlay-type":"","overlay-color":"","overlay-opacity":"","overlay-gradient":""},"tablet":{"background-color":"","background-image":"","background-repeat":"repeat","background-position":"center center","background-size":"auto","background-attachment":"scroll","background-type":"","background-media":"","overlay-type":"","overlay-color":"","overlay-opacity":"","overlay-gradient":""},"mobile":{"background-color":"","background-image":"","background-repeat":"repeat","background-position":"center center","background-size":"auto","background-attachment":"scroll","background-type":"","background-media":"","overlay-type":"","overlay-color":"","overlay-opacity":"","overlay-gradient":""}},"ast-content-background-meta":{"desktop":{"background-color":"var(--ast-global-color-5)","background-image":"","background-repeat":"repeat","background-position":"center center","background-size":"auto","background-attachment":"scroll","background-type":"","background-media":"","overlay-type":"","overlay-color":"","overlay-opacity":"","overlay-gradient":""},"tablet":{"background-color":"var(--ast-global-color-5)","background-image":"","background-repeat":"repeat","background-position":"center center","background-size":"auto","background-attachment":"scroll","background-type":"","background-media":"","overlay-type":"","overlay-color":"","overlay-opacity":"","overlay-gradient":""},"mobile":{"background-color":"var(--ast-global-color-5)","background-image":"","background-repeat":"repeat","background-position":"center center","background-size":"auto","background-attachment":"scroll","background-type":"","background-media":"","overlay-type":"","overlay-color":"","overlay-opacity":"","overlay-gradient":""}},"footnotes":""},"yoast_head":"<!-- This site is optimized with the Yoast SEO plugin v23.9 - https:\/\/yoast.com\/wordpress\/plugins\/seo\/ -->\n<title>\u00dcr\u00fcnlerimiz - MEK ENIX<\/title>\n<meta name=\"robots\" content=\"index, follow, max-snippet:-1, max-image-preview:large, max-video-preview:-1\" \/>\n<link rel=\"canonical\" href=\"https:\/\/www.meknx.com\/en\/urunlerimiz\/\" \/>\n<meta property=\"og:locale\" content=\"en_US\" \/>\n<meta property=\"og:type\" content=\"article\" \/>\n<meta property=\"og:title\" content=\"\u00dcr\u00fcnlerimiz - MEK ENIX\" \/>\n<meta property=\"og:description\" content=\"\u00dcr\u00fcnlerimiz Paslanmaz Krom Nikel Saclar Paslanmaz Profiller Paslanmaz K\u00f6\u015febentler Paslanmaz Borular \u00dcr\u00fcnlerimiz Hakk\u0131nda Bizimle \u0130leti\u015fime Ge\u00e7mek \u0130ster misiniz? \u00dcr\u00fcnler Hakk\u0131nda Bilgi Al\" \/>\n<meta property=\"og:url\" content=\"https:\/\/www.meknx.com\/en\/urunlerimiz\/\" \/>\n<meta property=\"og:site_name\" content=\"MEK ENIX\" \/>\n<meta property=\"article:modified_time\" content=\"2020-12-11T12:38:59+00:00\" \/>\n<meta property=\"og:image\" content=\"https:\/\/www.meknx.com\/wp-content\/uploads\/2020\/12\/5355623a7832467ca006de07859a67bd.png\" \/>\n<meta name=\"twitter:card\" content=\"summary_large_image\" \/>\n<script type=\"application\/ld+json\" class=\"yoast-schema-graph\">{\"@context\":\"https:\/\/schema.org\",\"@graph\":[{\"@type\":\"WebPage\",\"@id\":\"https:\/\/www.meknx.com\/urunlerimiz\/\",\"url\":\"https:\/\/www.meknx.com\/urunlerimiz\/\",\"name\":\"\u00dcr\u00fcnlerimiz - MEK ENIX\",\"isPartOf\":{\"@id\":\"https:\/\/www.meknx.com\/#website\"},\"primaryImageOfPage\":{\"@id\":\"https:\/\/www.meknx.com\/urunlerimiz\/#primaryimage\"},\"image\":{\"@id\":\"https:\/\/www.meknx.com\/urunlerimiz\/#primaryimage\"},\"thumbnailUrl\":\"https:\/\/www.meknx.com\/wp-content\/uploads\/2020\/12\/5355623a7832467ca006de07859a67bd.png\",\"datePublished\":\"2020-12-11T10:55:21+00:00\",\"dateModified\":\"2020-12-11T12:38:59+00:00\",\"breadcrumb\":{\"@id\":\"https:\/\/www.meknx.com\/urunlerimiz\/#breadcrumb\"},\"inLanguage\":\"en-US\",\"potentialAction\":[{\"@type\":\"ReadAction\",\"target\":[\"https:\/\/www.meknx.com\/urunlerimiz\/\"]}]},{\"@type\":\"ImageObject\",\"inLanguage\":\"en-US\",\"@id\":\"https:\/\/www.meknx.com\/urunlerimiz\/#primaryimage\",\"url\":\"https:\/\/www.meknx.com\/wp-content\/uploads\/2020\/12\/5355623a7832467ca006de07859a67bd.png\",\"contentUrl\":\"https:\/\/www.meknx.com\/wp-content\/uploads\/2020\/12\/5355623a7832467ca006de07859a67bd.png\"},{\"@type\":\"BreadcrumbList\",\"@id\":\"https:\/\/www.meknx.com\/urunlerimiz\/#breadcrumb\",\"itemListElement\":[{\"@type\":\"ListItem\",\"position\":1,\"name\":\"Home\",\"item\":\"https:\/\/www.meknx.com\/\"},{\"@type\":\"ListItem\",\"position\":2,\"name\":\"\u00dcr\u00fcnlerimiz\"}]},{\"@type\":\"WebSite\",\"@id\":\"https:\/\/www.meknx.com\/#website\",\"url\":\"https:\/\/www.meknx.com\/\",\"name\":\"MEK ENIX\",\"description\":\"M&uuml;hendislik Makine San. Ve Tic. Ltd. \u015eti.\",\"publisher\":{\"@id\":\"https:\/\/www.meknx.com\/#organization\"},\"potentialAction\":[{\"@type\":\"SearchAction\",\"target\":{\"@type\":\"EntryPoint\",\"urlTemplate\":\"https:\/\/www.meknx.com\/?s={search_term_string}\"},\"query-input\":{\"@type\":\"PropertyValueSpecification\",\"valueRequired\":true,\"valueName\":\"search_term_string\"}}],\"inLanguage\":\"en-US\"},{\"@type\":\"Organization\",\"@id\":\"https:\/\/www.meknx.com\/#organization\",\"name\":\"MEK ENIX\",\"url\":\"https:\/\/www.meknx.com\/\",\"logo\":{\"@type\":\"ImageObject\",\"inLanguage\":\"en-US\",\"@id\":\"https:\/\/www.meknx.com\/#\/schema\/logo\/image\/\",\"url\":\"https:\/\/www.meknx.com\/wp-content\/uploads\/2020\/09\/cropped-imgonline-com-ua-resize-FPgV5c0fKfW3Ap.png\",\"contentUrl\":\"https:\/\/www.meknx.com\/wp-content\/uploads\/2020\/09\/cropped-imgonline-com-ua-resize-FPgV5c0fKfW3Ap.png\",\"width\":2222,\"height\":920,\"caption\":\"MEK ENIX\"},\"image\":{\"@id\":\"https:\/\/www.meknx.com\/#\/schema\/logo\/image\/\"}}]}<\/script>\n<!-- \/ Yoast SEO plugin. -->","yoast_head_json":{"title":"\u00dcr\u00fcnlerimiz - MEK ENIX","robots":{"index":"index","follow":"follow","max-snippet":"max-snippet:-1","max-image-preview":"max-image-preview:large","max-video-preview":"max-video-preview:-1"},"canonical":"https:\/\/www.meknx.com\/en\/urunlerimiz\/","og_locale":"en_US","og_type":"article","og_title":"\u00dcr\u00fcnlerimiz - MEK ENIX","og_description":"\u00dcr\u00fcnlerimiz Paslanmaz Krom Nikel Saclar Paslanmaz Profiller Paslanmaz K\u00f6\u015febentler Paslanmaz Borular \u00dcr\u00fcnlerimiz Hakk\u0131nda Bizimle \u0130leti\u015fime Ge\u00e7mek \u0130ster misiniz? \u00dcr\u00fcnler Hakk\u0131nda Bilgi Al","og_url":"https:\/\/www.meknx.com\/en\/urunlerimiz\/","og_site_name":"MEK ENIX","article_modified_time":"2020-12-11T12:38:59+00:00","og_image":[{"url":"https:\/\/www.meknx.com\/wp-content\/uploads\/2020\/12\/5355623a7832467ca006de07859a67bd.png"}],"twitter_card":"summary_large_image","schema":{"@context":"https:\/\/schema.org","@graph":[{"@type":"WebPage","@id":"https:\/\/www.meknx.com\/urunlerimiz\/","url":"https:\/\/www.meknx.com\/urunlerimiz\/","name":"\u00dcr\u00fcnlerimiz - MEK ENIX","isPartOf":{"@id":"https:\/\/www.meknx.com\/#website"},"primaryImageOfPage":{"@id":"https:\/\/www.meknx.com\/urunlerimiz\/#primaryimage"},"image":{"@id":"https:\/\/www.meknx.com\/urunlerimiz\/#primaryimage"},"thumbnailUrl":"https:\/\/www.meknx.com\/wp-content\/uploads\/2020\/12\/5355623a7832467ca006de07859a67bd.png","datePublished":"2020-12-11T10:55:21+00:00","dateModified":"2020-12-11T12:38:59+00:00","breadcrumb":{"@id":"https:\/\/www.meknx.com\/urunlerimiz\/#breadcrumb"},"inLanguage":"en-US","potentialAction":[{"@type":"ReadAction","target":["https:\/\/www.meknx.com\/urunlerimiz\/"]}]},{"@type":"ImageObject","inLanguage":"en-US","@id":"https:\/\/www.meknx.com\/urunlerimiz\/#primaryimage","url":"https:\/\/www.meknx.com\/wp-content\/uploads\/2020\/12\/5355623a7832467ca006de07859a67bd.png","contentUrl":"https:\/\/www.meknx.com\/wp-content\/uploads\/2020\/12\/5355623a7832467ca006de07859a67bd.png"},{"@type":"BreadcrumbList","@id":"https:\/\/www.meknx.com\/urunlerimiz\/#breadcrumb","itemListElement":[{"@type":"ListItem","position":1,"name":"Home","item":"https:\/\/www.meknx.com\/"},{"@type":"ListItem","position":2,"name":"\u00dcr\u00fcnlerimiz"}]},{"@type":"WebSite","@id":"https:\/\/www.meknx.com\/#website","url":"https:\/\/www.meknx.com\/","name":"MEK ENIX","description":"M&uuml;hendislik Makine San. Ve Tic. Ltd. \u015eti.","publisher":{"@id":"https:\/\/www.meknx.com\/#organization"},"potentialAction":[{"@type":"SearchAction","target":{"@type":"EntryPoint","urlTemplate":"https:\/\/www.meknx.com\/?s={search_term_string}"},"query-input":{"@type":"PropertyValueSpecification","valueRequired":true,"valueName":"search_term_string"}}],"inLanguage":"en-US"},{"@type":"Organization","@id":"https:\/\/www.meknx.com\/#organization","name":"MEK ENIX","url":"https:\/\/www.meknx.com\/","logo":{"@type":"ImageObject","inLanguage":"en-US","@id":"https:\/\/www.meknx.com\/#\/schema\/logo\/image\/","url":"https:\/\/www.meknx.com\/wp-content\/uploads\/2020\/09\/cropped-imgonline-com-ua-resize-FPgV5c0fKfW3Ap.png","contentUrl":"https:\/\/www.meknx.com\/wp-content\/uploads\/2020\/09\/cropped-imgonline-com-ua-resize-FPgV5c0fKfW3Ap.png","width":2222,"height":920,"caption":"MEK ENIX"},"image":{"@id":"https:\/\/www.meknx.com\/#\/schema\/logo\/image\/"}}]}},"_links":{"self":[{"href":"https:\/\/www.meknx.com\/en\/wp-json\/wp\/v2\/pages\/797"}],"collection":[{"href":"https:\/\/www.meknx.com\/en\/wp-json\/wp\/v2\/pages"}],"about":[{"href":"https:\/\/www.meknx.com\/en\/wp-json\/wp\/v2\/types\/page"}],"author":[{"embeddable":true,"href":"https:\/\/www.meknx.com\/en\/wp-json\/wp\/v2\/users\/1"}],"replies":[{"embeddable":true,"href":"https:\/\/www.meknx.com\/en\/wp-json\/wp\/v2\/comments?post=797"}],"version-history":[{"count":48,"href":"https:\/\/www.meknx.com\/en\/wp-json\/wp\/v2\/pages\/797\/revisions"}],"predecessor-version":[{"id":855,"href":"https:\/\/www.meknx.com\/en\/wp-json\/wp\/v2\/pages\/797\/revisions\/855"}],"wp:attachment":[{"href":"https:\/\/www.meknx.com\/en\/wp-json\/wp\/v2\/media?parent=797"}],"curies":[{"name":"wp","href":"https:\/\/api.w.org\/{rel}","templated":true}]}}