{"id":442,"date":"2018-11-26T12:45:57","date_gmt":"2018-11-26T12:45:57","guid":{"rendered":"https:\/\/www.meknx.com\/about\/"},"modified":"2020-09-21T06:18:38","modified_gmt":"2020-09-21T06:18:38","slug":"hakkimizda","status":"publish","type":"page","link":"https:\/\/www.meknx.com\/tr\/hakkimizda\/","title":{"rendered":"Hakk\u0131m\u0131zda"},"content":{"rendered":"\t\t<div data-elementor-type=\"wp-post\" data-elementor-id=\"442\" class=\"elementor elementor-442\">\n\t\t\t\t\t\t<section class=\"elementor-section elementor-top-section elementor-element elementor-element-1b5d768b elementor-section-content-middle elementor-section-boxed elementor-section-height-default elementor-section-height-default\" data-id=\"1b5d768b\" data-element_type=\"section\" data-settings=\"{&quot;background_background&quot;:&quot;classic&quot;}\">\n\t\t\t\t\t\t\t<div class=\"elementor-background-overlay\"><\/div>\n\t\t\t\t\t\t\t<div class=\"elementor-container elementor-column-gap-no\">\n\t\t\t\t\t<div class=\"elementor-column elementor-col-100 elementor-top-column elementor-element elementor-element-1608c15b\" data-id=\"1608c15b\" data-element_type=\"column\">\n\t\t\t<div class=\"elementor-widget-wrap elementor-element-populated\">\n\t\t\t\t\t\t<div class=\"elementor-element elementor-element-321a34b8 elementor-widget elementor-widget-heading\" data-id=\"321a34b8\" data-element_type=\"widget\" data-widget_type=\"heading.default\">\n\t\t\t\t<div class=\"elementor-widget-container\">\n\t\t\t<h1 class=\"elementor-heading-title elementor-size-default\">Hakk\u0131m\u0131zda<\/h1>\t\t<\/div>\n\t\t\t\t<\/div>\n\t\t\t\t\t<\/div>\n\t\t<\/div>\n\t\t\t\t\t<\/div>\n\t\t<\/section>\n\t\t\t\t<section class=\"elementor-section elementor-top-section elementor-element elementor-element-54dfedde elementor-section-content-top elementor-section-boxed elementor-section-height-default elementor-section-height-default\" data-id=\"54dfedde\" data-element_type=\"section\">\n\t\t\t\t\t\t<div class=\"elementor-container elementor-column-gap-no\">\n\t\t\t\t\t<div class=\"elementor-column elementor-col-50 elementor-top-column elementor-element elementor-element-3b5232b7\" data-id=\"3b5232b7\" data-element_type=\"column\">\n\t\t\t<div class=\"elementor-widget-wrap elementor-element-populated\">\n\t\t\t\t\t\t<div class=\"elementor-element elementor-element-3f123748 elementor-widget elementor-widget-heading\" data-id=\"3f123748\" data-element_type=\"widget\" data-widget_type=\"heading.default\">\n\t\t\t\t<div class=\"elementor-widget-container\">\n\t\t\t<h5 class=\"elementor-heading-title elementor-size-default\">Profesyonel M\u00fchendislik \u00c7\u00f6z\u00fcmleri<\/h5>\t\t<\/div>\n\t\t\t\t<\/div>\n\t\t\t\t<div class=\"elementor-element elementor-element-ac1409d elementor-widget elementor-widget-heading\" data-id=\"ac1409d\" data-element_type=\"widget\" data-widget_type=\"heading.default\">\n\t\t\t\t<div class=\"elementor-widget-container\">\n\t\t\t<h2 class=\"elementor-heading-title elementor-size-default\">MEK ENIX <\/h2>\t\t<\/div>\n\t\t\t\t<\/div>\n\t\t\t\t\t<\/div>\n\t\t<\/div>\n\t\t\t\t<div class=\"elementor-column elementor-col-50 elementor-top-column elementor-element elementor-element-3cf1fd6\" data-id=\"3cf1fd6\" data-element_type=\"column\">\n\t\t\t<div class=\"elementor-widget-wrap elementor-element-populated\">\n\t\t\t\t\t\t<div class=\"elementor-element elementor-element-8f14f19 elementor-widget elementor-widget-heading\" data-id=\"8f14f19\" data-element_type=\"widget\" data-widget_type=\"heading.default\">\n\t\t\t\t<div class=\"elementor-widget-container\">\n\t\t\t<h3 class=\"elementor-heading-title elementor-size-default\">20 Y\u0131la Yak\u0131n Sekt\u00f6r Tecr\u00fcbesi \u0130le Yeni \u015eirketimizi A\u00e7maktan Gurur Duyuyoruz.<\/h3>\t\t<\/div>\n\t\t\t\t<\/div>\n\t\t\t\t<div class=\"elementor-element elementor-element-48d89661 elementor-widget elementor-widget-text-editor\" data-id=\"48d89661\" data-element_type=\"widget\" data-widget_type=\"text-editor.default\">\n\t\t\t\t<div class=\"elementor-widget-container\">\n\t\t\t\t\t\t\t<p>2000&#8217;li y\u0131llardan beri sekt\u00f6rde aktif bir \u015fekilde \u00e7al\u0131\u015fan profesyonel ekibimiz\u00a0 ile 2020 y\u0131l\u0131nda kurmu\u015f oldu\u011fumuz yeni \u015firketimizde kendimizden emin bir \u015fekilde sizler i\u00e7in hizmet vermeye ba\u015flam\u0131\u015f bulunmaktay\u0131z.<\/p>\t\t\t\t\t\t<\/div>\n\t\t\t\t<\/div>\n\t\t\t\t<div class=\"elementor-element elementor-element-46a61cc4 elementor-widget elementor-widget-text-editor\" data-id=\"46a61cc4\" data-element_type=\"widget\" data-widget_type=\"text-editor.default\">\n\t\t\t\t<div class=\"elementor-widget-container\">\n\t\t\t\t\t\t\t<p>Sekt\u00f6rdeki geli\u015fmeleri ve pazardaki yeni talepleri yak\u0131ndan takip eden \u015firketimiz, g\u00fc\u00e7l\u00fc idari y\u00f6netimi ile sekt\u00f6rde \u00f6nc\u00fc firmalardan biri olmay\u0131 hedeflemektedir. B\u00fcy\u00fck m\u00fchendislik projelerini hayata ge\u00e7irmeye ba\u015flayan firmam\u0131z kuruldu\u011fu andan itibaren T\u00fcrkiye\u2019nin her b\u00f6lgesinde; \u00f6nc\u00fc ve \u00f6rnek nitelikte, kaliteli, yenilik\u00e7i bir \u00e7ok projeye imzas\u0131n\u0131 atmay\u0131 hedeflemektedir.<\/p><p>Sayg\u0131lar\u0131m\u0131zla,<\/p><p><strong>Mahmut Esat KAYLI<\/strong><br \/>Genel M\u00fcd\u00fcr<\/p>\t\t\t\t\t\t<\/div>\n\t\t\t\t<\/div>\n\t\t\t\t\t<\/div>\n\t\t<\/div>\n\t\t\t\t\t<\/div>\n\t\t<\/section>\n\t\t\t\t<section class=\"elementor-section elementor-top-section elementor-element elementor-element-187f1669 elementor-section-boxed elementor-section-height-default elementor-section-height-default\" data-id=\"187f1669\" data-element_type=\"section\" data-settings=\"{&quot;background_background&quot;:&quot;classic&quot;}\">\n\t\t\t\t\t\t<div class=\"elementor-container elementor-column-gap-default\">\n\t\t\t\t\t<div class=\"elementor-column elementor-col-25 elementor-top-column elementor-element elementor-element-1cee7c30\" data-id=\"1cee7c30\" data-element_type=\"column\">\n\t\t\t<div class=\"elementor-widget-wrap\">\n\t\t\t\t\t\t\t<\/div>\n\t\t<\/div>\n\t\t\t\t<div class=\"elementor-column elementor-col-25 elementor-top-column elementor-element elementor-element-38533178\" data-id=\"38533178\" data-element_type=\"column\">\n\t\t\t<div class=\"elementor-widget-wrap elementor-element-populated\">\n\t\t\t\t\t\t<div class=\"elementor-element elementor-element-6b858d7 elementor-widget elementor-widget-heading\" data-id=\"6b858d7\" data-element_type=\"widget\" data-widget_type=\"heading.default\">\n\t\t\t\t<div class=\"elementor-widget-container\">\n\t\t\t<h3 class=\"elementor-heading-title elementor-size-default\">Hakk\u0131m\u0131zda Daha Fazla Bilgi Almak \u0130\u00e7in Bize Ula\u015fmak \u0130ster misiniz?<\/h3>\t\t<\/div>\n\t\t\t\t<\/div>\n\t\t\t\t\t<\/div>\n\t\t<\/div>\n\t\t\t\t<div class=\"elementor-column elementor-col-25 elementor-top-column elementor-element elementor-element-20c4516d\" data-id=\"20c4516d\" data-element_type=\"column\">\n\t\t\t<div class=\"elementor-widget-wrap elementor-element-populated\">\n\t\t\t\t\t\t<div class=\"elementor-element elementor-element-4e0ea1e7 elementor-align-center elementor-widget elementor-widget-button\" data-id=\"4e0ea1e7\" data-element_type=\"widget\" data-widget_type=\"button.default\">\n\t\t\t\t<div class=\"elementor-widget-container\">\n\t\t\t\t\t\t\t<div class=\"elementor-button-wrapper\">\n\t\t\t\t\t<a class=\"elementor-button elementor-button-link elementor-size-sm\" href=\"https:\/\/www.meknx.com\/bize-ulasin\/\">\n\t\t\t\t\t\t<span class=\"elementor-button-content-wrapper\">\n\t\t\t\t\t\t\t\t\t<span class=\"elementor-button-text\">Bize Ula\u015f\u0131n<\/span>\n\t\t\t\t\t<\/span>\n\t\t\t\t\t<\/a>\n\t\t\t\t<\/div>\n\t\t\t\t\t\t<\/div>\n\t\t\t\t<\/div>\n\t\t\t\t\t<\/div>\n\t\t<\/div>\n\t\t\t\t<div class=\"elementor-column elementor-col-25 elementor-top-column elementor-element elementor-element-3d1a34c\" data-id=\"3d1a34c\" data-element_type=\"column\">\n\t\t\t<div class=\"elementor-widget-wrap\">\n\t\t\t\t\t\t\t<\/div>\n\t\t<\/div>\n\t\t\t\t\t<\/div>\n\t\t<\/section>\n\t\t\t\t<\/div>\n\t\t","protected":false},"excerpt":{"rendered":"<p>Hakk\u0131m\u0131zda Profesyonel M\u00fchendislik \u00c7\u00f6z\u00fcmleri MEK ENIX 20 Y\u0131la Yak\u0131n Sekt\u00f6r Tecr\u00fcbesi \u0130le Yeni \u015eirketimizi A\u00e7maktan Gurur Duyuyoruz. 2000&#8217;li y\u0131llardan beri sekt\u00f6rde aktif bir \u015fekilde \u00e7al\u0131\u015fan profesyonel ekibimiz\u00a0 ile 2020 y\u0131l\u0131nda kurmu\u015f oldu\u011fumuz yeni \u015firketimizde kendimizden emin bir \u015fekilde sizler i\u00e7in hizmet vermeye ba\u015flam\u0131\u015f bulunmaktay\u0131z. Sekt\u00f6rdeki geli\u015fmeleri ve pazardaki yeni talepleri yak\u0131ndan takip eden \u015firketimiz, g\u00fc\u00e7l\u00fc [&hellip;]<\/p>\n","protected":false},"author":1,"featured_media":0,"parent":0,"menu_order":0,"comment_status":"closed","ping_status":"closed","template":"","meta":{"site-sidebar-layout":"no-sidebar","site-content-layout":"page-builder","ast-site-content-layout":"","site-content-style":"default","site-sidebar-style":"default","ast-global-header-display":"","ast-banner-title-visibility":"","ast-main-header-display":"","ast-hfb-above-header-display":"","ast-hfb-below-header-display":"","ast-hfb-mobile-header-display":"","site-post-title":"disabled","ast-breadcrumbs-content":"","ast-featured-img":"disabled","footer-sml-layout":"","theme-transparent-header-meta":"enabled","adv-header-id-meta":"","stick-header-meta":"","header-above-stick-meta":"","header-main-stick-meta":"","header-below-stick-meta":"","astra-migrate-meta-layouts":"default","ast-page-background-enabled":"default","ast-page-background-meta":{"desktop":{"background-color":"","background-image":"","background-repeat":"repeat","background-position":"center center","background-size":"auto","background-attachment":"scroll","background-type":"","background-media":"","overlay-type":"","overlay-color":"","overlay-opacity":"","overlay-gradient":""},"tablet":{"background-color":"","background-image":"","background-repeat":"repeat","background-position":"center center","background-size":"auto","background-attachment":"scroll","background-type":"","background-media":"","overlay-type":"","overlay-color":"","overlay-opacity":"","overlay-gradient":""},"mobile":{"background-color":"","background-image":"","background-repeat":"repeat","background-position":"center center","background-size":"auto","background-attachment":"scroll","background-type":"","background-media":"","overlay-type":"","overlay-color":"","overlay-opacity":"","overlay-gradient":""}},"ast-content-background-meta":{"desktop":{"background-color":"var(--ast-global-color-5)","background-image":"","background-repeat":"repeat","background-position":"center center","background-size":"auto","background-attachment":"scroll","background-type":"","background-media":"","overlay-type":"","overlay-color":"","overlay-opacity":"","overlay-gradient":""},"tablet":{"background-color":"var(--ast-global-color-5)","background-image":"","background-repeat":"repeat","background-position":"center center","background-size":"auto","background-attachment":"scroll","background-type":"","background-media":"","overlay-type":"","overlay-color":"","overlay-opacity":"","overlay-gradient":""},"mobile":{"background-color":"var(--ast-global-color-5)","background-image":"","background-repeat":"repeat","background-position":"center center","background-size":"auto","background-attachment":"scroll","background-type":"","background-media":"","overlay-type":"","overlay-color":"","overlay-opacity":"","overlay-gradient":""}},"footnotes":""},"yoast_head":"<!-- This site is optimized with the Yoast SEO plugin v23.9 - https:\/\/yoast.com\/wordpress\/plugins\/seo\/ -->\n<title>Hakk\u0131m\u0131zda - MEK ENIX<\/title>\n<meta name=\"robots\" content=\"index, follow, max-snippet:-1, max-image-preview:large, max-video-preview:-1\" \/>\n<link rel=\"canonical\" href=\"https:\/\/www.meknx.com\/tr\/hakkimizda\/\" \/>\n<meta property=\"og:locale\" content=\"tr_TR\" \/>\n<meta property=\"og:type\" content=\"article\" \/>\n<meta property=\"og:title\" content=\"Hakk\u0131m\u0131zda - MEK ENIX\" \/>\n<meta property=\"og:description\" content=\"Hakk\u0131m\u0131zda Profesyonel M\u00fchendislik \u00c7\u00f6z\u00fcmleri MEK ENIX 20 Y\u0131la Yak\u0131n Sekt\u00f6r Tecr\u00fcbesi \u0130le Yeni \u015eirketimizi A\u00e7maktan Gurur Duyuyoruz. 2000&#8217;li y\u0131llardan beri sekt\u00f6rde aktif bir \u015fekilde \u00e7al\u0131\u015fan profesyonel ekibimiz\u00a0 ile 2020 y\u0131l\u0131nda kurmu\u015f oldu\u011fumuz yeni \u015firketimizde kendimizden emin bir \u015fekilde sizler i\u00e7in hizmet vermeye ba\u015flam\u0131\u015f bulunmaktay\u0131z. Sekt\u00f6rdeki geli\u015fmeleri ve pazardaki yeni talepleri yak\u0131ndan takip eden \u015firketimiz, g\u00fc\u00e7l\u00fc [&hellip;]\" \/>\n<meta property=\"og:url\" content=\"https:\/\/www.meknx.com\/tr\/hakkimizda\/\" \/>\n<meta property=\"og:site_name\" content=\"MEK ENIX\" \/>\n<meta property=\"article:modified_time\" content=\"2020-09-21T06:18:38+00:00\" \/>\n<meta name=\"twitter:card\" content=\"summary_large_image\" \/>\n<meta name=\"twitter:label1\" content=\"Tahmini okuma s\u00fcresi\" \/>\n\t<meta name=\"twitter:data1\" content=\"1 dakika\" \/>\n<script type=\"application\/ld+json\" class=\"yoast-schema-graph\">{\"@context\":\"https:\/\/schema.org\",\"@graph\":[{\"@type\":\"WebPage\",\"@id\":\"https:\/\/www.meknx.com\/hakkimizda\/\",\"url\":\"https:\/\/www.meknx.com\/hakkimizda\/\",\"name\":\"Hakk\u0131m\u0131zda - MEK ENIX\",\"isPartOf\":{\"@id\":\"https:\/\/www.meknx.com\/#website\"},\"datePublished\":\"2018-11-26T12:45:57+00:00\",\"dateModified\":\"2020-09-21T06:18:38+00:00\",\"breadcrumb\":{\"@id\":\"https:\/\/www.meknx.com\/hakkimizda\/#breadcrumb\"},\"inLanguage\":\"tr\",\"potentialAction\":[{\"@type\":\"ReadAction\",\"target\":[\"https:\/\/www.meknx.com\/hakkimizda\/\"]}]},{\"@type\":\"BreadcrumbList\",\"@id\":\"https:\/\/www.meknx.com\/hakkimizda\/#breadcrumb\",\"itemListElement\":[{\"@type\":\"ListItem\",\"position\":1,\"name\":\"Home\",\"item\":\"https:\/\/www.meknx.com\/\"},{\"@type\":\"ListItem\",\"position\":2,\"name\":\"Hakk\u0131m\u0131zda\"}]},{\"@type\":\"WebSite\",\"@id\":\"https:\/\/www.meknx.com\/#website\",\"url\":\"https:\/\/www.meknx.com\/\",\"name\":\"MEK ENIX\",\"description\":\"M&uuml;hendislik Makine San. Ve Tic. Ltd. \u015eti.\",\"publisher\":{\"@id\":\"https:\/\/www.meknx.com\/#organization\"},\"potentialAction\":[{\"@type\":\"SearchAction\",\"target\":{\"@type\":\"EntryPoint\",\"urlTemplate\":\"https:\/\/www.meknx.com\/?s={search_term_string}\"},\"query-input\":{\"@type\":\"PropertyValueSpecification\",\"valueRequired\":true,\"valueName\":\"search_term_string\"}}],\"inLanguage\":\"tr\"},{\"@type\":\"Organization\",\"@id\":\"https:\/\/www.meknx.com\/#organization\",\"name\":\"MEK ENIX\",\"url\":\"https:\/\/www.meknx.com\/\",\"logo\":{\"@type\":\"ImageObject\",\"inLanguage\":\"tr\",\"@id\":\"https:\/\/www.meknx.com\/#\/schema\/logo\/image\/\",\"url\":\"https:\/\/www.meknx.com\/wp-content\/uploads\/2020\/09\/cropped-imgonline-com-ua-resize-FPgV5c0fKfW3Ap.png\",\"contentUrl\":\"https:\/\/www.meknx.com\/wp-content\/uploads\/2020\/09\/cropped-imgonline-com-ua-resize-FPgV5c0fKfW3Ap.png\",\"width\":2222,\"height\":920,\"caption\":\"MEK ENIX\"},\"image\":{\"@id\":\"https:\/\/www.meknx.com\/#\/schema\/logo\/image\/\"}}]}<\/script>\n<!-- \/ Yoast SEO plugin. -->","yoast_head_json":{"title":"Hakk\u0131m\u0131zda - MEK ENIX","robots":{"index":"index","follow":"follow","max-snippet":"max-snippet:-1","max-image-preview":"max-image-preview:large","max-video-preview":"max-video-preview:-1"},"canonical":"https:\/\/www.meknx.com\/tr\/hakkimizda\/","og_locale":"tr_TR","og_type":"article","og_title":"Hakk\u0131m\u0131zda - MEK ENIX","og_description":"Hakk\u0131m\u0131zda Profesyonel M\u00fchendislik \u00c7\u00f6z\u00fcmleri MEK ENIX 20 Y\u0131la Yak\u0131n Sekt\u00f6r Tecr\u00fcbesi \u0130le Yeni \u015eirketimizi A\u00e7maktan Gurur Duyuyoruz. 2000&#8217;li y\u0131llardan beri sekt\u00f6rde aktif bir \u015fekilde \u00e7al\u0131\u015fan profesyonel ekibimiz\u00a0 ile 2020 y\u0131l\u0131nda kurmu\u015f oldu\u011fumuz yeni \u015firketimizde kendimizden emin bir \u015fekilde sizler i\u00e7in hizmet vermeye ba\u015flam\u0131\u015f bulunmaktay\u0131z. Sekt\u00f6rdeki geli\u015fmeleri ve pazardaki yeni talepleri yak\u0131ndan takip eden \u015firketimiz, g\u00fc\u00e7l\u00fc [&hellip;]","og_url":"https:\/\/www.meknx.com\/tr\/hakkimizda\/","og_site_name":"MEK ENIX","article_modified_time":"2020-09-21T06:18:38+00:00","twitter_card":"summary_large_image","twitter_misc":{"Tahmini okuma s\u00fcresi":"1 dakika"},"schema":{"@context":"https:\/\/schema.org","@graph":[{"@type":"WebPage","@id":"https:\/\/www.meknx.com\/hakkimizda\/","url":"https:\/\/www.meknx.com\/hakkimizda\/","name":"Hakk\u0131m\u0131zda - MEK ENIX","isPartOf":{"@id":"https:\/\/www.meknx.com\/#website"},"datePublished":"2018-11-26T12:45:57+00:00","dateModified":"2020-09-21T06:18:38+00:00","breadcrumb":{"@id":"https:\/\/www.meknx.com\/hakkimizda\/#breadcrumb"},"inLanguage":"tr","potentialAction":[{"@type":"ReadAction","target":["https:\/\/www.meknx.com\/hakkimizda\/"]}]},{"@type":"BreadcrumbList","@id":"https:\/\/www.meknx.com\/hakkimizda\/#breadcrumb","itemListElement":[{"@type":"ListItem","position":1,"name":"Home","item":"https:\/\/www.meknx.com\/"},{"@type":"ListItem","position":2,"name":"Hakk\u0131m\u0131zda"}]},{"@type":"WebSite","@id":"https:\/\/www.meknx.com\/#website","url":"https:\/\/www.meknx.com\/","name":"MEK ENIX","description":"M&uuml;hendislik Makine San. Ve Tic. Ltd. \u015eti.","publisher":{"@id":"https:\/\/www.meknx.com\/#organization"},"potentialAction":[{"@type":"SearchAction","target":{"@type":"EntryPoint","urlTemplate":"https:\/\/www.meknx.com\/?s={search_term_string}"},"query-input":{"@type":"PropertyValueSpecification","valueRequired":true,"valueName":"search_term_string"}}],"inLanguage":"tr"},{"@type":"Organization","@id":"https:\/\/www.meknx.com\/#organization","name":"MEK ENIX","url":"https:\/\/www.meknx.com\/","logo":{"@type":"ImageObject","inLanguage":"tr","@id":"https:\/\/www.meknx.com\/#\/schema\/logo\/image\/","url":"https:\/\/www.meknx.com\/wp-content\/uploads\/2020\/09\/cropped-imgonline-com-ua-resize-FPgV5c0fKfW3Ap.png","contentUrl":"https:\/\/www.meknx.com\/wp-content\/uploads\/2020\/09\/cropped-imgonline-com-ua-resize-FPgV5c0fKfW3Ap.png","width":2222,"height":920,"caption":"MEK ENIX"},"image":{"@id":"https:\/\/www.meknx.com\/#\/schema\/logo\/image\/"}}]}},"_links":{"self":[{"href":"https:\/\/www.meknx.com\/tr\/wp-json\/wp\/v2\/pages\/442"}],"collection":[{"href":"https:\/\/www.meknx.com\/tr\/wp-json\/wp\/v2\/pages"}],"about":[{"href":"https:\/\/www.meknx.com\/tr\/wp-json\/wp\/v2\/types\/page"}],"author":[{"embeddable":true,"href":"https:\/\/www.meknx.com\/tr\/wp-json\/wp\/v2\/users\/1"}],"replies":[{"embeddable":true,"href":"https:\/\/www.meknx.com\/tr\/wp-json\/wp\/v2\/comments?post=442"}],"version-history":[{"count":7,"href":"https:\/\/www.meknx.com\/tr\/wp-json\/wp\/v2\/pages\/442\/revisions"}],"predecessor-version":[{"id":588,"href":"https:\/\/www.meknx.com\/tr\/wp-json\/wp\/v2\/pages\/442\/revisions\/588"}],"wp:attachment":[{"href":"https:\/\/www.meknx.com\/tr\/wp-json\/wp\/v2\/media?parent=442"}],"curies":[{"name":"wp","href":"https:\/\/api.w.org\/{rel}","templated":true}]}}